    {"id":108,"date":"2023-12-16T03:19:47","date_gmt":"2023-12-16T03:19:47","guid":{"rendered":"https:\/\/morecashing.com\/?page_id=108"},"modified":"2025-11-24T18:28:18","modified_gmt":"2025-11-24T18:28:18","slug":"contact-us","status":"publish","type":"page","link":"https:\/\/morecashing.com\/pt\/contact-us\/","title":{"rendered":"Contate-nos"},"content":{"rendered":"<p>Obrigado por visitar MoreCashing, sua fonte favorita de sabedoria parental. Agradecemos suas perguntas, feedback e solicita\u00e7\u00f5es. Sinta-se \u00e0 vontade para entrar em contato conosco usando os seguintes detalhes de contato, dependendo de suas necessidades espec\u00edficas:<\/p>\n\n\n\n<h3 class=\"wp-block-heading\">Perguntas gerais:<\/h3>\n\n\n\n<p>Para d\u00favidas ou informa\u00e7\u00f5es gerais sobre a MoreCashing, entre em contato conosco pelo e-mail contact@morecashing.com. Agradecemos sua aten\u00e7\u00e3o e faremos o poss\u00edvel para responder o mais r\u00e1pido poss\u00edvel.<\/p>\n\n\n\n<h3 class=\"wp-block-heading\">Quest\u00f5es substantivas:<\/h3>\n\n\n\n<p>Se voc\u00ea tiver alguma d\u00favida sobre nosso conte\u00fado ou quiser contribuir, entre em contato conosco pelo endere\u00e7o contact@morecashing.com. Valorizamos suas ideias e contribui\u00e7\u00f5es para a comunidade.<\/p>\n\n\n\n<h3 class=\"wp-block-heading\">Assist\u00eancia T\u00e9cnica:<\/h3>\n\n\n\n<p>Caso encontre algum problema t\u00e9cnico ao navegar em nosso site, entre em contato com nossa equipe de suporte pelo e-mail contact@morecashing.com. Estamos aqui para ajudar e garantir uma experi\u00eancia online tranquila.<\/p>\n\n\n\n<h3 class=\"wp-block-heading\">Visite-nos:<\/h3>\n\n\n\n<p>MoreCashing \u00e9 um espa\u00e7o virtual, mas sua participa\u00e7\u00e3o e feedback fazem dele uma comunidade pr\u00f3spera. Embora n\u00e3o tenhamos um local f\u00edsico para visitar, estamos sempre online para voc\u00ea.<\/p>\n\n\n\n<p>Obrigado por fazer parte da comunidade MoreCashing. Estamos ansiosos para ouvir de voc\u00ea e continuar a apoi\u00e1-lo em sua jornada parental.<\/p>\n\n\n\n<p>Cumprimentos,<\/p>\n\n\n\n<p>Equipe MoreCashing<\/p>","protected":false},"excerpt":{"rendered":"<p>Thank you for visiting MoreCashing, your favourite source for parenting wisdom. We welcome your questions, feedback and requests. Please feel free to contact us using the following contact details, depending on your specific needs: General Questions: For general questions or information about MoreCashing, please contact us at contact@morecashing.com. We appreciate your attention and will do [&hellip;]<\/p>","protected":false},"author":38,"featured_media":0,"parent":0,"menu_order":0,"comment_status":"closed","ping_status":"closed","template":"","meta":{"footnotes":""},"yoast_head":"<!-- This site is optimized with the Yoast SEO Premium plugin v18.7 (Yoast SEO v23.3) - https:\/\/yoast.com\/wordpress\/plugins\/seo\/ -->\n<title>Contact Us - MoreCashing<\/title>\n<meta name=\"robots\" content=\"index, follow, max-snippet:-1, max-image-preview:large, max-video-preview:-1\" \/>\n<link rel=\"canonical\" href=\"https:\/\/morecashing.com\/pt\/contact-us\/\" \/>\n<meta property=\"og:locale\" content=\"pt_BR\" \/>\n<meta property=\"og:type\" content=\"article\" \/>\n<meta property=\"og:title\" content=\"Contact Us\" \/>\n<meta property=\"og:description\" content=\"Thank you for visiting MoreCashing, your favourite source for parenting wisdom. We welcome your questions, feedback and requests. Please feel free to contact us using the following contact details, depending on your specific needs: General Questions: For general questions or information about MoreCashing, please contact us at contact@morecashing.com. We appreciate your attention and will do [&hellip;]\" \/>\n<meta property=\"og:url\" content=\"https:\/\/morecashing.com\/pt\/contact-us\/\" \/>\n<meta property=\"og:site_name\" content=\"MoreCashing\" \/>\n<meta property=\"article:modified_time\" content=\"2025-11-24T18:28:18+00:00\" \/>\n<meta name=\"twitter:card\" content=\"summary_large_image\" \/>\n<meta name=\"twitter:label1\" content=\"Est. reading time\" \/>\n\t<meta name=\"twitter:data1\" content=\"1 minuto\" \/>\n<script type=\"application\/ld+json\" class=\"yoast-schema-graph\">{\"@context\":\"https:\/\/schema.org\",\"@graph\":[{\"@type\":\"WebPage\",\"@id\":\"https:\/\/morecashing.com\/contact-us\/\",\"url\":\"https:\/\/morecashing.com\/contact-us\/\",\"name\":\"Contact Us - MoreCashing\",\"isPartOf\":{\"@id\":\"https:\/\/morecashing.com\/#website\"},\"datePublished\":\"2023-12-16T03:19:47+00:00\",\"dateModified\":\"2025-11-24T18:28:18+00:00\",\"breadcrumb\":{\"@id\":\"https:\/\/morecashing.com\/contact-us\/#breadcrumb\"},\"inLanguage\":\"pt-BR\",\"potentialAction\":[{\"@type\":\"ReadAction\",\"target\":[\"https:\/\/morecashing.com\/contact-us\/\"]}]},{\"@type\":\"BreadcrumbList\",\"@id\":\"https:\/\/morecashing.com\/contact-us\/#breadcrumb\",\"itemListElement\":[{\"@type\":\"ListItem\",\"position\":1,\"name\":\"Home\",\"item\":\"https:\/\/morecashing.com\/\"},{\"@type\":\"ListItem\",\"position\":2,\"name\":\"Contact Us\"}]},{\"@type\":\"WebSite\",\"@id\":\"https:\/\/morecashing.com\/#website\",\"url\":\"https:\/\/morecashing.com\/\",\"name\":\"MoreCashing\",\"description\":\"morecashing\",\"publisher\":{\"@id\":\"https:\/\/morecashing.com\/#organization\"},\"potentialAction\":[{\"@type\":\"SearchAction\",\"target\":{\"@type\":\"EntryPoint\",\"urlTemplate\":\"https:\/\/morecashing.com\/?s={search_term_string}\"},\"query-input\":\"required name=search_term_string\"}],\"inLanguage\":\"pt-BR\"},{\"@type\":\"Organization\",\"@id\":\"https:\/\/morecashing.com\/#organization\",\"name\":\"MoreCashing\",\"url\":\"https:\/\/morecashing.com\/\",\"logo\":{\"@type\":\"ImageObject\",\"inLanguage\":\"pt-BR\",\"@id\":\"https:\/\/morecashing.com\/#\/schema\/logo\/image\/\",\"url\":\"https:\/\/morecashing.com\/wp-content\/uploads\/sites\/89\/2024\/09\/cropped-more-cashing.png\",\"contentUrl\":\"https:\/\/morecashing.com\/wp-content\/uploads\/sites\/89\/2024\/09\/cropped-more-cashing.png\",\"width\":1080,\"height\":1080,\"caption\":\"MoreCashing\"},\"image\":{\"@id\":\"https:\/\/morecashing.com\/#\/schema\/logo\/image\/\"}}]}<\/script>\n<!-- \/ Yoast SEO Premium plugin. -->","yoast_head_json":{"title":"Contact Us - MoreCashing","robots":{"index":"index","follow":"follow","max-snippet":"max-snippet:-1","max-image-preview":"max-image-preview:large","max-video-preview":"max-video-preview:-1"},"canonical":"https:\/\/morecashing.com\/pt\/contact-us\/","og_locale":"pt_BR","og_type":"article","og_title":"Contact Us","og_description":"Thank you for visiting MoreCashing, your favourite source for parenting wisdom. We welcome your questions, feedback and requests. Please feel free to contact us using the following contact details, depending on your specific needs: General Questions: For general questions or information about MoreCashing, please contact us at contact@morecashing.com. We appreciate your attention and will do [&hellip;]","og_url":"https:\/\/morecashing.com\/pt\/contact-us\/","og_site_name":"MoreCashing","article_modified_time":"2025-11-24T18:28:18+00:00","twitter_card":"summary_large_image","twitter_misc":{"Est. reading time":"1 minuto"},"schema":{"@context":"https:\/\/schema.org","@graph":[{"@type":"WebPage","@id":"https:\/\/morecashing.com\/contact-us\/","url":"https:\/\/morecashing.com\/contact-us\/","name":"Contact Us - MoreCashing","isPartOf":{"@id":"https:\/\/morecashing.com\/#website"},"datePublished":"2023-12-16T03:19:47+00:00","dateModified":"2025-11-24T18:28:18+00:00","breadcrumb":{"@id":"https:\/\/morecashing.com\/contact-us\/#breadcrumb"},"inLanguage":"pt-BR","potentialAction":[{"@type":"ReadAction","target":["https:\/\/morecashing.com\/contact-us\/"]}]},{"@type":"BreadcrumbList","@id":"https:\/\/morecashing.com\/contact-us\/#breadcrumb","itemListElement":[{"@type":"ListItem","position":1,"name":"Home","item":"https:\/\/morecashing.com\/"},{"@type":"ListItem","position":2,"name":"Contact Us"}]},{"@type":"WebSite","@id":"https:\/\/morecashing.com\/#website","url":"https:\/\/morecashing.com\/","name":"MoreCashing","description":"morecashing","publisher":{"@id":"https:\/\/morecashing.com\/#organization"},"potentialAction":[{"@type":"SearchAction","target":{"@type":"EntryPoint","urlTemplate":"https:\/\/morecashing.com\/?s={search_term_string}"},"query-input":"required name=search_term_string"}],"inLanguage":"pt-BR"},{"@type":"Organization","@id":"https:\/\/morecashing.com\/#organization","name":"MoreCashing","url":"https:\/\/morecashing.com\/","logo":{"@type":"ImageObject","inLanguage":"pt-BR","@id":"https:\/\/morecashing.com\/#\/schema\/logo\/image\/","url":"https:\/\/morecashing.com\/wp-content\/uploads\/sites\/89\/2024\/09\/cropped-more-cashing.png","contentUrl":"https:\/\/morecashing.com\/wp-content\/uploads\/sites\/89\/2024\/09\/cropped-more-cashing.png","width":1080,"height":1080,"caption":"MoreCashing"},"image":{"@id":"https:\/\/morecashing.com\/#\/schema\/logo\/image\/"}}]}},"_links":{"self":[{"href":"https:\/\/morecashing.com\/pt\/wp-json\/wp\/v2\/pages\/108"}],"collection":[{"href":"https:\/\/morecashing.com\/pt\/wp-json\/wp\/v2\/pages"}],"about":[{"href":"https:\/\/morecashing.com\/pt\/wp-json\/wp\/v2\/types\/page"}],"author":[{"embeddable":true,"href":"https:\/\/morecashing.com\/pt\/wp-json\/wp\/v2\/users\/38"}],"replies":[{"embeddable":true,"href":"https:\/\/morecashing.com\/pt\/wp-json\/wp\/v2\/comments?post=108"}],"version-history":[{"count":2,"href":"https:\/\/morecashing.com\/pt\/wp-json\/wp\/v2\/pages\/108\/revisions"}],"predecessor-version":[{"id":2017,"href":"https:\/\/morecashing.com\/pt\/wp-json\/wp\/v2\/pages\/108\/revisions\/2017"}],"wp:attachment":[{"href":"https:\/\/morecashing.com\/pt\/wp-json\/wp\/v2\/media?parent=108"}],"curies":[{"name":"wp","href":"https:\/\/api.w.org\/{rel}","templated":true}]}}