    {"id":104,"date":"2023-12-16T03:17:05","date_gmt":"2023-12-16T03:17:05","guid":{"rendered":"https:\/\/morecashing.com\/?page_id=104"},"modified":"2025-11-24T18:29:57","modified_gmt":"2025-11-24T18:29:57","slug":"about-us","status":"publish","type":"page","link":"https:\/\/morecashing.com\/pt\/about-us\/","title":{"rendered":"Sobre n\u00f3s"},"content":{"rendered":"<h1 class=\"wp-block-heading\"><strong>Sobre n\u00f3s<\/strong><\/h1>\n\n\n\n<p>Bem-vindo(a) ao <strong>MaisCashing<\/strong> \u2014 Seu espa\u00e7o para orienta\u00e7\u00e3o clara, pr\u00e1tica e inspiradora sobre como gerar renda, desenvolver sua carreira e criar oportunidades financeiras reais. Seja para explorar novas oportunidades de trabalho, abrir um neg\u00f3cio, aprimorar suas habilidades ou buscar maneiras inteligentes de ganhar mais, o MoreCashing est\u00e1 aqui para ajud\u00e1-lo a dar passos confiantes rumo ao futuro.<\/p>\n\n\n\n<h2 class=\"wp-block-heading\"><strong>O que nos motiva<\/strong><\/h2>\n\n\n\n<p>Na MoreCashing, acreditamos que o crescimento financeiro come\u00e7a com conhecimento, clareza e a\u00e7\u00e3o. Nossa miss\u00e3o \u00e9 simples:<br><strong>Ajudar pessoas comuns a descobrirem melhores maneiras de ganhar dinheiro, trabalhar e ter sucesso.<\/strong><\/p>\n\n\n\n<p>Por meio de informa\u00e7\u00f5es acess\u00edveis, guias passo a passo e estrat\u00e9gias pr\u00e1ticas, facilitamos a compreens\u00e3o e a aplica\u00e7\u00e3o de temas como oportunidades de emprego, empreendedorismo, trabalhos paralelos e desenvolvimento de neg\u00f3cios.<\/p>\n\n\n\n<p>Estamos empenhados em fornecer conte\u00fado que ajude voc\u00ea a tomar decis\u00f5es mais inteligentes, desbloquear novas fontes de renda e construir uma estabilidade financeira duradoura.<\/p>\n\n\n\n<h2 class=\"wp-block-heading\"><strong>Quem somos n\u00f3s<\/strong><\/h2>\n\n\n\n<p>MoreCashing \u00e9 uma comunidade crescente de profissionais, aprendizes, criadores e empreendedores que acreditam no progresso atrav\u00e9s do conhecimento pr\u00e1tico. Nossa equipe produz conte\u00fado voltado para pessoas que desejam:<\/p>\n\n\n\n<ul>\n<li>melhorar suas perspectivas de carreira<\/li>\n\n\n\n<li>Iniciar ou expandir um neg\u00f3cio<\/li>\n\n\n\n<li>explorar oportunidades empreendedoras<\/li>\n\n\n\n<li>desenvolver habilidades valiosas<\/li>\n\n\n\n<li>Aumentar a renda por meio de novas ideias e trabalhos paralelos.<\/li>\n<\/ul>\n\n\n\n<p>Nos concentramos no que realmente funciona na vida real \u2014 e n\u00e3o apenas em teorias \u2014 para que voc\u00ea possa tomar medidas significativas em dire\u00e7\u00e3o aos seus objetivos.<\/p>\n\n\n\n<h2 class=\"wp-block-heading\"><strong>Envolva-se<\/strong><\/h2>\n\n\n\n<p>Tem algum tema que gostaria que abord\u00e1ssemos? Quer compartilhar sua experi\u00eancia ou sugerir uma ideia?<br>Adorar\u00edamos ouvir sua opini\u00e3o. Seus coment\u00e1rios nos ajudam a criar conte\u00fado que apoia sua jornada para ganhar mais, trabalhar de forma mais inteligente e construir a vida que voc\u00ea deseja.<\/p>\n\n\n\n<p>Vamos crescer juntos \u2014 uma oportunidade, uma habilidade, uma conquista de cada vez.<\/p>\n\n\n\n<p><\/p>","protected":false},"excerpt":{"rendered":"<p>About Us Welcome to MoreCashing \u2014 your space for clear, practical, and empowering guidance on building income, growing your career, and creating real financial opportunities. Whether you&#8217;re exploring new job paths, starting a business, boosting your skills, or looking for smart ways to earn more, MoreCashing is here to help you take confident steps forward. [&hellip;]<\/p>","protected":false},"author":38,"featured_media":598,"parent":0,"menu_order":0,"comment_status":"closed","ping_status":"closed","template":"","meta":{"footnotes":""},"yoast_head":"<!-- This site is optimized with the Yoast SEO Premium plugin v18.7 (Yoast SEO v23.3) - https:\/\/yoast.com\/wordpress\/plugins\/seo\/ -->\n<title>About Us - MoreCashing<\/title>\n<meta name=\"robots\" content=\"index, follow, max-snippet:-1, max-image-preview:large, max-video-preview:-1\" \/>\n<link rel=\"canonical\" href=\"https:\/\/morecashing.com\/pt\/about-us\/\" \/>\n<meta property=\"og:locale\" content=\"pt_BR\" \/>\n<meta property=\"og:type\" content=\"article\" \/>\n<meta property=\"og:title\" content=\"About Us\" \/>\n<meta property=\"og:description\" content=\"About Us Welcome to MoreCashing \u2014 your space for clear, practical, and empowering guidance on building income, growing your career, and creating real financial opportunities. Whether you&#8217;re exploring new job paths, starting a business, boosting your skills, or looking for smart ways to earn more, MoreCashing is here to help you take confident steps forward. [&hellip;]\" \/>\n<meta property=\"og:url\" content=\"https:\/\/morecashing.com\/pt\/about-us\/\" \/>\n<meta property=\"og:site_name\" content=\"MoreCashing\" \/>\n<meta property=\"article:modified_time\" content=\"2025-11-24T18:29:57+00:00\" \/>\n<meta property=\"og:image\" content=\"http:\/\/morecashing.com\/wp-content\/uploads\/sites\/89\/2024\/02\/pexels-rdne-stock-project-7310202-scaled-1.jpg\" \/>\n\t<meta property=\"og:image:width\" content=\"2560\" \/>\n\t<meta property=\"og:image:height\" content=\"1707\" \/>\n\t<meta property=\"og:image:type\" content=\"image\/jpeg\" \/>\n<meta name=\"twitter:card\" content=\"summary_large_image\" \/>\n<meta name=\"twitter:label1\" content=\"Est. reading time\" \/>\n\t<meta name=\"twitter:data1\" content=\"2 minutos\" \/>\n<script type=\"application\/ld+json\" class=\"yoast-schema-graph\">{\"@context\":\"https:\/\/schema.org\",\"@graph\":[{\"@type\":\"WebPage\",\"@id\":\"https:\/\/morecashing.com\/about-us\/\",\"url\":\"https:\/\/morecashing.com\/about-us\/\",\"name\":\"About Us - MoreCashing\",\"isPartOf\":{\"@id\":\"https:\/\/morecashing.com\/#website\"},\"primaryImageOfPage\":{\"@id\":\"https:\/\/morecashing.com\/about-us\/#primaryimage\"},\"image\":{\"@id\":\"https:\/\/morecashing.com\/about-us\/#primaryimage\"},\"thumbnailUrl\":\"https:\/\/morecashing.com\/wp-content\/uploads\/sites\/89\/2024\/02\/pexels-rdne-stock-project-7310202-scaled-1.jpg\",\"datePublished\":\"2023-12-16T03:17:05+00:00\",\"dateModified\":\"2025-11-24T18:29:57+00:00\",\"breadcrumb\":{\"@id\":\"https:\/\/morecashing.com\/about-us\/#breadcrumb\"},\"inLanguage\":\"pt-BR\",\"potentialAction\":[{\"@type\":\"ReadAction\",\"target\":[\"https:\/\/morecashing.com\/about-us\/\"]}]},{\"@type\":\"ImageObject\",\"inLanguage\":\"pt-BR\",\"@id\":\"https:\/\/morecashing.com\/about-us\/#primaryimage\",\"url\":\"https:\/\/morecashing.com\/wp-content\/uploads\/sites\/89\/2024\/02\/pexels-rdne-stock-project-7310202-scaled-1.jpg\",\"contentUrl\":\"https:\/\/morecashing.com\/wp-content\/uploads\/sites\/89\/2024\/02\/pexels-rdne-stock-project-7310202-scaled-1.jpg\",\"width\":2560,\"height\":1707},{\"@type\":\"BreadcrumbList\",\"@id\":\"https:\/\/morecashing.com\/about-us\/#breadcrumb\",\"itemListElement\":[{\"@type\":\"ListItem\",\"position\":1,\"name\":\"Home\",\"item\":\"https:\/\/morecashing.com\/\"},{\"@type\":\"ListItem\",\"position\":2,\"name\":\"About Us\"}]},{\"@type\":\"WebSite\",\"@id\":\"https:\/\/morecashing.com\/#website\",\"url\":\"https:\/\/morecashing.com\/\",\"name\":\"MoreCashing\",\"description\":\"morecashing\",\"publisher\":{\"@id\":\"https:\/\/morecashing.com\/#organization\"},\"potentialAction\":[{\"@type\":\"SearchAction\",\"target\":{\"@type\":\"EntryPoint\",\"urlTemplate\":\"https:\/\/morecashing.com\/?s={search_term_string}\"},\"query-input\":\"required name=search_term_string\"}],\"inLanguage\":\"pt-BR\"},{\"@type\":\"Organization\",\"@id\":\"https:\/\/morecashing.com\/#organization\",\"name\":\"MoreCashing\",\"url\":\"https:\/\/morecashing.com\/\",\"logo\":{\"@type\":\"ImageObject\",\"inLanguage\":\"pt-BR\",\"@id\":\"https:\/\/morecashing.com\/#\/schema\/logo\/image\/\",\"url\":\"https:\/\/morecashing.com\/wp-content\/uploads\/sites\/89\/2024\/09\/cropped-more-cashing.png\",\"contentUrl\":\"https:\/\/morecashing.com\/wp-content\/uploads\/sites\/89\/2024\/09\/cropped-more-cashing.png\",\"width\":1080,\"height\":1080,\"caption\":\"MoreCashing\"},\"image\":{\"@id\":\"https:\/\/morecashing.com\/#\/schema\/logo\/image\/\"}}]}<\/script>\n<!-- \/ Yoast SEO Premium plugin. -->","yoast_head_json":{"title":"About Us - MoreCashing","robots":{"index":"index","follow":"follow","max-snippet":"max-snippet:-1","max-image-preview":"max-image-preview:large","max-video-preview":"max-video-preview:-1"},"canonical":"https:\/\/morecashing.com\/pt\/about-us\/","og_locale":"pt_BR","og_type":"article","og_title":"About Us","og_description":"About Us Welcome to MoreCashing \u2014 your space for clear, practical, and empowering guidance on building income, growing your career, and creating real financial opportunities. Whether you&#8217;re exploring new job paths, starting a business, boosting your skills, or looking for smart ways to earn more, MoreCashing is here to help you take confident steps forward. [&hellip;]","og_url":"https:\/\/morecashing.com\/pt\/about-us\/","og_site_name":"MoreCashing","article_modified_time":"2025-11-24T18:29:57+00:00","og_image":[{"width":2560,"height":1707,"url":"http:\/\/morecashing.com\/wp-content\/uploads\/sites\/89\/2024\/02\/pexels-rdne-stock-project-7310202-scaled-1.jpg","type":"image\/jpeg"}],"twitter_card":"summary_large_image","twitter_misc":{"Est. reading time":"2 minutos"},"schema":{"@context":"https:\/\/schema.org","@graph":[{"@type":"WebPage","@id":"https:\/\/morecashing.com\/about-us\/","url":"https:\/\/morecashing.com\/about-us\/","name":"About Us - MoreCashing","isPartOf":{"@id":"https:\/\/morecashing.com\/#website"},"primaryImageOfPage":{"@id":"https:\/\/morecashing.com\/about-us\/#primaryimage"},"image":{"@id":"https:\/\/morecashing.com\/about-us\/#primaryimage"},"thumbnailUrl":"https:\/\/morecashing.com\/wp-content\/uploads\/sites\/89\/2024\/02\/pexels-rdne-stock-project-7310202-scaled-1.jpg","datePublished":"2023-12-16T03:17:05+00:00","dateModified":"2025-11-24T18:29:57+00:00","breadcrumb":{"@id":"https:\/\/morecashing.com\/about-us\/#breadcrumb"},"inLanguage":"pt-BR","potentialAction":[{"@type":"ReadAction","target":["https:\/\/morecashing.com\/about-us\/"]}]},{"@type":"ImageObject","inLanguage":"pt-BR","@id":"https:\/\/morecashing.com\/about-us\/#primaryimage","url":"https:\/\/morecashing.com\/wp-content\/uploads\/sites\/89\/2024\/02\/pexels-rdne-stock-project-7310202-scaled-1.jpg","contentUrl":"https:\/\/morecashing.com\/wp-content\/uploads\/sites\/89\/2024\/02\/pexels-rdne-stock-project-7310202-scaled-1.jpg","width":2560,"height":1707},{"@type":"BreadcrumbList","@id":"https:\/\/morecashing.com\/about-us\/#breadcrumb","itemListElement":[{"@type":"ListItem","position":1,"name":"Home","item":"https:\/\/morecashing.com\/"},{"@type":"ListItem","position":2,"name":"About Us"}]},{"@type":"WebSite","@id":"https:\/\/morecashing.com\/#website","url":"https:\/\/morecashing.com\/","name":"MoreCashing","description":"morecashing","publisher":{"@id":"https:\/\/morecashing.com\/#organization"},"potentialAction":[{"@type":"SearchAction","target":{"@type":"EntryPoint","urlTemplate":"https:\/\/morecashing.com\/?s={search_term_string}"},"query-input":"required name=search_term_string"}],"inLanguage":"pt-BR"},{"@type":"Organization","@id":"https:\/\/morecashing.com\/#organization","name":"MoreCashing","url":"https:\/\/morecashing.com\/","logo":{"@type":"ImageObject","inLanguage":"pt-BR","@id":"https:\/\/morecashing.com\/#\/schema\/logo\/image\/","url":"https:\/\/morecashing.com\/wp-content\/uploads\/sites\/89\/2024\/09\/cropped-more-cashing.png","contentUrl":"https:\/\/morecashing.com\/wp-content\/uploads\/sites\/89\/2024\/09\/cropped-more-cashing.png","width":1080,"height":1080,"caption":"MoreCashing"},"image":{"@id":"https:\/\/morecashing.com\/#\/schema\/logo\/image\/"}}]}},"_links":{"self":[{"href":"https:\/\/morecashing.com\/pt\/wp-json\/wp\/v2\/pages\/104"}],"collection":[{"href":"https:\/\/morecashing.com\/pt\/wp-json\/wp\/v2\/pages"}],"about":[{"href":"https:\/\/morecashing.com\/pt\/wp-json\/wp\/v2\/types\/page"}],"author":[{"embeddable":true,"href":"https:\/\/morecashing.com\/pt\/wp-json\/wp\/v2\/users\/38"}],"replies":[{"embeddable":true,"href":"https:\/\/morecashing.com\/pt\/wp-json\/wp\/v2\/comments?post=104"}],"version-history":[{"count":2,"href":"https:\/\/morecashing.com\/pt\/wp-json\/wp\/v2\/pages\/104\/revisions"}],"predecessor-version":[{"id":2018,"href":"https:\/\/morecashing.com\/pt\/wp-json\/wp\/v2\/pages\/104\/revisions\/2018"}],"wp:featuredmedia":[{"embeddable":true,"href":"https:\/\/morecashing.com\/pt\/wp-json\/wp\/v2\/media\/598"}],"wp:attachment":[{"href":"https:\/\/morecashing.com\/pt\/wp-json\/wp\/v2\/media?parent=104"}],"curies":[{"name":"wp","href":"https:\/\/api.w.org\/{rel}","templated":true}]}}