    {"id":102,"date":"2023-12-16T03:15:48","date_gmt":"2023-12-16T03:15:48","guid":{"rendered":"https:\/\/morecashing.com\/?page_id=102"},"modified":"2025-11-24T18:33:58","modified_gmt":"2025-11-24T18:33:58","slug":"privacy-policy","status":"publish","type":"page","link":"https:\/\/morecashing.com\/pt\/privacy-policy\/","title":{"rendered":"pol\u00edtica de Privacidade"},"content":{"rendered":"<p><\/p>\n\n\n\n<p>Sua privacidade \u00e9 importante para n\u00f3s. \u00c9 pol\u00edtica da More Cashing respeitar sua privacidade em rela\u00e7\u00e3o a qualquer informa\u00e7\u00e3o que possamos coletar de voc\u00ea em nosso site, More Cashing, e em outros sites que possu\u00edmos e operamos.<\/p>\n\n\n\n<p>N\u00f3s apenas pedimos informa\u00e7\u00f5es pessoais quando realmente precisamos delas para fornecer um servi\u00e7o a voc\u00ea. N\u00f3s as coletamos por meios justos e legais, com seu conhecimento e consentimento. Tamb\u00e9m informamos por que estamos coletando e como elas ser\u00e3o usadas.<\/p>\n\n\n\n<p>N\u00f3s apenas retemos as informa\u00e7\u00f5es coletadas pelo tempo necess\u00e1rio para fornecer a voc\u00ea o servi\u00e7o solicitado. Os dados que armazenamos, protegeremos dentro de meios comercialmente aceit\u00e1veis para evitar perdas e roubos, bem como acesso n\u00e3o autorizado, divulga\u00e7\u00e3o, c\u00f3pia, uso ou modifica\u00e7\u00e3o.<\/p>\n\n\n\n<p>N\u00e3o compartilhamos nenhuma informa\u00e7\u00e3o de identifica\u00e7\u00e3o pessoal publicamente ou com terceiros, exceto quando exigido por lei.<\/p>\n\n\n\n<p>Nosso site pode ter links para sites externos que n\u00e3o s\u00e3o operados por n\u00f3s. Esteja ciente de que n\u00e3o temos controle sobre o conte\u00fado e as pr\u00e1ticas desses sites e n\u00e3o podemos aceitar responsabilidade ou obriga\u00e7\u00e3o por suas respectivas pol\u00edticas de privacidade.<\/p>\n\n\n\n<p>Voc\u00ea tem a liberdade de recusar nossa solicita\u00e7\u00e3o de informa\u00e7\u00f5es pessoais, entendendo que talvez n\u00e3o possamos fornecer alguns dos servi\u00e7os desejados.<\/p>\n\n\n\n<p>Ao continuar a utilizar o nosso website, estar\u00e1 a aceitar as nossas pr\u00e1ticas relativas \u00e0 privacidade e aos dados pessoais. Se tiver alguma d\u00favida sobre como tratamos os dados dos utilizadores e os dados pessoais, n\u00e3o hesite em contactar-nos atrav\u00e9s do endere\u00e7o contact@morecashing.com.<\/p>\n\n\n\n<h2 class=\"wp-block-heading\">Pol\u00edtica de cookies para mais saques<\/h2>\n\n\n\n<p>Esta \u00e9 a Pol\u00edtica de Cookies do More Cashing, acess\u00edvel em More Cashing.<\/p>\n\n\n\n<h3 class=\"wp-block-heading\">O que s\u00e3o cookies<\/h3>\n\n\n\n<p>Como \u00e9 pr\u00e1tica comum em quase todos os sites profissionais, este site usa cookies, que s\u00e3o pequenos arquivos baixados para seu computador, para melhorar sua experi\u00eancia. Esta p\u00e1gina descreve quais informa\u00e7\u00f5es eles coletam, como as usamos e por que \u00e0s vezes precisamos armazenar esses cookies. Tamb\u00e9m compartilharemos como voc\u00ea pode impedir que esses cookies sejam armazenados, no entanto, isso pode degradar ou &quot;quebrar&quot; certos elementos da funcionalidade do site.<\/p>\n\n\n\n<h3 class=\"wp-block-heading\">Como usamos cookies<\/h3>\n\n\n\n<p>Usamos cookies por v\u00e1rios motivos detalhados abaixo. Infelizmente, na maioria dos casos, n\u00e3o h\u00e1 op\u00e7\u00f5es padr\u00e3o da ind\u00fastria para desabilitar cookies sem desabilitar completamente a funcionalidade e os recursos que eles adicionam a este site. \u00c9 recomend\u00e1vel que voc\u00ea deixe todos os cookies se n\u00e3o tiver certeza se precisa deles ou n\u00e3o, caso sejam usados para fornecer um servi\u00e7o que voc\u00ea usa.<\/p>\n\n\n\n<h3 class=\"wp-block-heading\">Desativando Cookies<\/h3>\n\n\n\n<p>Voc\u00ea pode impedir a configura\u00e7\u00e3o de cookies ajustando as configura\u00e7\u00f5es do seu navegador (consulte a Ajuda do seu navegador para saber como fazer isso). Esteja ciente de que desabilitar cookies afetar\u00e1 a funcionalidade deste e de muitos outros sites que voc\u00ea visita. Desabilitar cookies geralmente resultar\u00e1 na desabilita\u00e7\u00e3o de certas funcionalidades e recursos deste site. Portanto, \u00e9 recomend\u00e1vel que voc\u00ea n\u00e3o desabilite cookies.<\/p>\n\n\n\n<h3 class=\"wp-block-heading\">Os cookies que definimos<\/h3>\n\n\n\n<ul class=\"wp-block-list\">\n<li><strong>Cookies relacionados \u00e0 conta:<\/strong> Se voc\u00ea criar uma conta conosco, usaremos cookies para gerenciar o processo de inscri\u00e7\u00e3o e administra\u00e7\u00e3o geral. Esses cookies geralmente ser\u00e3o exclu\u00eddos quando voc\u00ea fizer logout, no entanto, em alguns casos, eles podem permanecer depois para lembrar suas prefer\u00eancias do site quando voc\u00ea fizer logout.<\/li>\n\n\n\n<li><strong>Cookies relacionados ao login:<\/strong> Usamos cookies quando voc\u00ea est\u00e1 logado para que possamos lembrar desse fato. Isso evita que voc\u00ea tenha que fazer login toda vez que visitar uma nova p\u00e1gina. Esses cookies s\u00e3o normalmente removidos ou limpos quando voc\u00ea faz logout para garantir que voc\u00ea s\u00f3 possa acessar recursos e \u00e1reas restritas quando estiver logado.<\/li>\n\n\n\n<li><strong>Cookies relacionados a boletins informativos por e-mail:<\/strong> Este site oferece servi\u00e7os de assinatura de boletim informativo ou e-mail, e cookies podem ser usados para lembrar se voc\u00ea j\u00e1 est\u00e1 registrado e se deve mostrar determinadas notifica\u00e7\u00f5es que podem ser v\u00e1lidas apenas para usu\u00e1rios inscritos\/n\u00e3o inscritos.<\/li>\n\n\n\n<li><strong>Cookies relacionados ao processamento de pedidos:<\/strong> Este site oferece servi\u00e7os de com\u00e9rcio eletr\u00f4nico ou pagamento e alguns cookies s\u00e3o essenciais para garantir que seu pedido seja lembrado entre as p\u00e1ginas para que possamos process\u00e1-lo corretamente.<\/li>\n\n\n\n<li><strong>Cookies relacionados a pesquisas:<\/strong> De tempos em tempos, oferecemos pesquisas e question\u00e1rios de usu\u00e1rios para fornecer a voc\u00ea insights interessantes, ferramentas \u00fateis ou para entender nossa base de usu\u00e1rios com mais precis\u00e3o. Essas pesquisas podem usar cookies para lembrar quem j\u00e1 participou de uma pesquisa ou para fornecer a voc\u00ea resultados precisos depois que voc\u00ea alterar as p\u00e1ginas.<\/li>\n\n\n\n<li><strong>Cookies relacionados a formul\u00e1rios:<\/strong> Quando voc\u00ea envia dados por meio de um formul\u00e1rio como os encontrados em p\u00e1ginas de contato ou formul\u00e1rios de coment\u00e1rios, cookies podem ser configurados para lembrar seus detalhes de usu\u00e1rio para correspond\u00eancia futura.<\/li>\n\n\n\n<li><strong>Cookies de prefer\u00eancias do site:<\/strong> Para lhe proporcionar uma \u00f3tima experi\u00eancia neste site, fornecemos a funcionalidade para definir suas prefer\u00eancias sobre como este site \u00e9 executado quando voc\u00ea o utiliza. Para lembrar suas prefer\u00eancias, precisamos definir cookies para que essas informa\u00e7\u00f5es possam ser chamadas sempre que voc\u00ea interagir com uma p\u00e1gina for afetada por suas prefer\u00eancias.<\/li>\n<\/ul>\n\n\n\n<h3 class=\"wp-block-heading\">Cookies de terceiros<\/h3>\n\n\n\n<p>Em alguns casos especiais, tamb\u00e9m usamos cookies fornecidos por terceiros confi\u00e1veis. A se\u00e7\u00e3o a seguir detalha quais cookies de terceiros voc\u00ea pode encontrar por meio deste site.<\/p>\n\n\n\n<ul class=\"wp-block-list\">\n<li>Este site usa o Google Analytics, que \u00e9 uma das solu\u00e7\u00f5es de an\u00e1lise mais difundidas e confi\u00e1veis da web para nos ajudar a entender como voc\u00ea usa o site e maneiras pelas quais podemos melhorar sua experi\u00eancia. Esses cookies podem rastrear coisas como quanto tempo voc\u00ea gasta no site e as p\u00e1ginas que voc\u00ea visita para que possamos continuar a produzir conte\u00fado envolvente. Para obter mais informa\u00e7\u00f5es sobre os cookies do Google Analytics, consulte a p\u00e1gina oficial do Google Analytics.<\/li>\n\n\n\n<li>An\u00e1lises de terceiros s\u00e3o usadas para rastrear e medir o uso deste site para que possamos continuar a produzir conte\u00fado envolvente. Esses cookies podem rastrear coisas como quanto tempo voc\u00ea gasta no site ou p\u00e1ginas que voc\u00ea visita, o que nos ajuda a entender como podemos melhorar o site para voc\u00ea.<\/li>\n\n\n\n<li>De tempos em tempos, testamos novos recursos e fazemos mudan\u00e7as sutis na maneira como o site \u00e9 entregue. Quando ainda estamos testando novos recursos, esses cookies podem ser usados para garantir que voc\u00ea receba uma experi\u00eancia consistente enquanto estiver no site, ao mesmo tempo em que garantimos que entendemos quais otimiza\u00e7\u00f5es nossos usu\u00e1rios mais apreciam.<\/li>\n\n\n\n<li>Como vendemos produtos, \u00e9 importante entendermos estat\u00edsticas sobre quantos visitantes do nosso site realmente fazem uma compra e, como tal, esse \u00e9 o tipo de dado que esses cookies rastrear\u00e3o. Isso \u00e9 importante para voc\u00ea, pois significa que podemos fazer previs\u00f5es comerciais precisas que nos permitem monitorar nossos custos de publicidade e produtos para garantir o melhor pre\u00e7o poss\u00edvel.<\/li>\n\n\n\n<li>Tamb\u00e9m utilizamos bot\u00f5es e\/ou plugins de m\u00eddia social neste site que permitem que voc\u00ea se conecte \u00e0 sua rede social de diversas maneiras. Para que isso funcione, os seguintes sites de m\u00eddia social, incluindo; definir\u00e3o cookies em nosso site que podem ser usados para aprimorar seu perfil no site deles ou contribuir com os dados que eles armazenam para diversos fins descritos em suas respectivas pol\u00edticas de privacidade.<\/li>\n<\/ul>\n\n\n\n<h3 class=\"wp-block-heading\">Publicidade (Google AdSense) e suas escolhas<\/h3>\n\n\n\n<p>Este site utiliza o Google AdSense para exibir an\u00fancios. O Google e seus parceiros podem usar cookies ou outras tecnologias para exibir, mensurar e personalizar an\u00fancios com base em suas visitas a este e outros sites.<\/p>\n\n\n\n<p>Para saber como o Google usa dados de sites e aplicativos que usam seus servi\u00e7os, visite:<br><a href=\"https:\/\/policies.google.com\/technologies\/partner-sites\">https:\/\/policies.google.com\/technologies\/partner-sites<\/a><\/p>\n\n\n\n<p><strong>Desativar an\u00fancios personalizados:<\/strong><br>Voc\u00ea pode optar por n\u00e3o receber publicidade personalizada do Google visitando seu&nbsp;<strong><a href=\"https:\/\/adssettings.google.com\/\">Configura\u00e7\u00f5es de an\u00fancios (Minha Central de an\u00fancios)<\/a><\/strong>.<br>Como alternativa, voc\u00ea pode optar por n\u00e3o receber publicidade baseada em interesses de muitos outros provedores de an\u00fancios visitando&nbsp;<strong><a href=\"https:\/\/www.aboutads.info\/choices\/\">SobreAds.info\/escolhas<\/a><\/strong>.<\/p>\n\n\n\n<p>Observa\u00e7\u00e3o: mesmo se voc\u00ea optar por n\u00e3o participar, voc\u00ea ainda ver\u00e1 an\u00fancios, mas eles podem ser menos relevantes para seus interesses.<\/p>\n\n\n\n<h3 class=\"wp-block-heading\">Mais informa\u00e7\u00f5es<\/h3>\n\n\n\n<p>Espero que isso tenha esclarecido as coisas para voc\u00ea e, como mencionado anteriormente, se houver algo que voc\u00ea n\u00e3o tem certeza se precisa ou n\u00e3o, geralmente \u00e9 mais seguro deixar os cookies ativados, caso isso interaja com um dos recursos que voc\u00ea usa em nosso site.<\/p>\n\n\n\n<p>Esta pol\u00edtica entra em vigor em agosto de 2024.<\/p>","protected":false},"excerpt":{"rendered":"<p>Your privacy is important to us. It is More Cashing&#8217;s policy to respect your privacy regarding any information we may collect from you across our website, More Cashing, and other sites we own and operate. We only ask for personal information when we truly need it to provide a service to you. We collect it [&hellip;]<\/p>","protected":false},"author":38,"featured_media":0,"parent":0,"menu_order":0,"comment_status":"closed","ping_status":"closed","template":"","meta":{"footnotes":""},"yoast_head":"<!-- This site is optimized with the Yoast SEO Premium plugin v18.7 (Yoast SEO v23.3) - https:\/\/yoast.com\/wordpress\/plugins\/seo\/ -->\n<title>Privacy Policy - MoreCashing<\/title>\n<meta name=\"robots\" content=\"index, follow, max-snippet:-1, max-image-preview:large, max-video-preview:-1\" \/>\n<link rel=\"canonical\" href=\"https:\/\/morecashing.com\/pt\/privacy-policy\/\" \/>\n<meta property=\"og:locale\" content=\"pt_BR\" \/>\n<meta property=\"og:type\" content=\"article\" \/>\n<meta property=\"og:title\" content=\"Privacy Policy\" \/>\n<meta property=\"og:description\" content=\"Your privacy is important to us. It is More Cashing&#8217;s policy to respect your privacy regarding any information we may collect from you across our website, More Cashing, and other sites we own and operate. We only ask for personal information when we truly need it to provide a service to you. We collect it [&hellip;]\" \/>\n<meta property=\"og:url\" content=\"https:\/\/morecashing.com\/pt\/privacy-policy\/\" \/>\n<meta property=\"og:site_name\" content=\"MoreCashing\" \/>\n<meta property=\"article:modified_time\" content=\"2025-11-24T18:33:58+00:00\" \/>\n<meta name=\"twitter:card\" content=\"summary_large_image\" \/>\n<meta name=\"twitter:label1\" content=\"Est. reading time\" \/>\n\t<meta name=\"twitter:data1\" content=\"6 minutos\" \/>\n<script type=\"application\/ld+json\" class=\"yoast-schema-graph\">{\"@context\":\"https:\/\/schema.org\",\"@graph\":[{\"@type\":\"WebPage\",\"@id\":\"https:\/\/morecashing.com\/privacy-policy\/\",\"url\":\"https:\/\/morecashing.com\/privacy-policy\/\",\"name\":\"Privacy Policy - MoreCashing\",\"isPartOf\":{\"@id\":\"https:\/\/morecashing.com\/#website\"},\"datePublished\":\"2023-12-16T03:15:48+00:00\",\"dateModified\":\"2025-11-24T18:33:58+00:00\",\"breadcrumb\":{\"@id\":\"https:\/\/morecashing.com\/privacy-policy\/#breadcrumb\"},\"inLanguage\":\"pt-BR\",\"potentialAction\":[{\"@type\":\"ReadAction\",\"target\":[\"https:\/\/morecashing.com\/privacy-policy\/\"]}]},{\"@type\":\"BreadcrumbList\",\"@id\":\"https:\/\/morecashing.com\/privacy-policy\/#breadcrumb\",\"itemListElement\":[{\"@type\":\"ListItem\",\"position\":1,\"name\":\"Home\",\"item\":\"https:\/\/morecashing.com\/\"},{\"@type\":\"ListItem\",\"position\":2,\"name\":\"Privacy Policy\"}]},{\"@type\":\"WebSite\",\"@id\":\"https:\/\/morecashing.com\/#website\",\"url\":\"https:\/\/morecashing.com\/\",\"name\":\"MoreCashing\",\"description\":\"morecashing\",\"publisher\":{\"@id\":\"https:\/\/morecashing.com\/#organization\"},\"potentialAction\":[{\"@type\":\"SearchAction\",\"target\":{\"@type\":\"EntryPoint\",\"urlTemplate\":\"https:\/\/morecashing.com\/?s={search_term_string}\"},\"query-input\":\"required name=search_term_string\"}],\"inLanguage\":\"pt-BR\"},{\"@type\":\"Organization\",\"@id\":\"https:\/\/morecashing.com\/#organization\",\"name\":\"MoreCashing\",\"url\":\"https:\/\/morecashing.com\/\",\"logo\":{\"@type\":\"ImageObject\",\"inLanguage\":\"pt-BR\",\"@id\":\"https:\/\/morecashing.com\/#\/schema\/logo\/image\/\",\"url\":\"https:\/\/morecashing.com\/wp-content\/uploads\/sites\/89\/2024\/09\/cropped-more-cashing.png\",\"contentUrl\":\"https:\/\/morecashing.com\/wp-content\/uploads\/sites\/89\/2024\/09\/cropped-more-cashing.png\",\"width\":1080,\"height\":1080,\"caption\":\"MoreCashing\"},\"image\":{\"@id\":\"https:\/\/morecashing.com\/#\/schema\/logo\/image\/\"}}]}<\/script>\n<!-- \/ Yoast SEO Premium plugin. -->","yoast_head_json":{"title":"Privacy Policy - MoreCashing","robots":{"index":"index","follow":"follow","max-snippet":"max-snippet:-1","max-image-preview":"max-image-preview:large","max-video-preview":"max-video-preview:-1"},"canonical":"https:\/\/morecashing.com\/pt\/privacy-policy\/","og_locale":"pt_BR","og_type":"article","og_title":"Privacy Policy","og_description":"Your privacy is important to us. It is More Cashing&#8217;s policy to respect your privacy regarding any information we may collect from you across our website, More Cashing, and other sites we own and operate. We only ask for personal information when we truly need it to provide a service to you. We collect it [&hellip;]","og_url":"https:\/\/morecashing.com\/pt\/privacy-policy\/","og_site_name":"MoreCashing","article_modified_time":"2025-11-24T18:33:58+00:00","twitter_card":"summary_large_image","twitter_misc":{"Est. reading time":"6 minutos"},"schema":{"@context":"https:\/\/schema.org","@graph":[{"@type":"WebPage","@id":"https:\/\/morecashing.com\/privacy-policy\/","url":"https:\/\/morecashing.com\/privacy-policy\/","name":"Privacy Policy - MoreCashing","isPartOf":{"@id":"https:\/\/morecashing.com\/#website"},"datePublished":"2023-12-16T03:15:48+00:00","dateModified":"2025-11-24T18:33:58+00:00","breadcrumb":{"@id":"https:\/\/morecashing.com\/privacy-policy\/#breadcrumb"},"inLanguage":"pt-BR","potentialAction":[{"@type":"ReadAction","target":["https:\/\/morecashing.com\/privacy-policy\/"]}]},{"@type":"BreadcrumbList","@id":"https:\/\/morecashing.com\/privacy-policy\/#breadcrumb","itemListElement":[{"@type":"ListItem","position":1,"name":"Home","item":"https:\/\/morecashing.com\/"},{"@type":"ListItem","position":2,"name":"Privacy Policy"}]},{"@type":"WebSite","@id":"https:\/\/morecashing.com\/#website","url":"https:\/\/morecashing.com\/","name":"MoreCashing","description":"morecashing","publisher":{"@id":"https:\/\/morecashing.com\/#organization"},"potentialAction":[{"@type":"SearchAction","target":{"@type":"EntryPoint","urlTemplate":"https:\/\/morecashing.com\/?s={search_term_string}"},"query-input":"required name=search_term_string"}],"inLanguage":"pt-BR"},{"@type":"Organization","@id":"https:\/\/morecashing.com\/#organization","name":"MoreCashing","url":"https:\/\/morecashing.com\/","logo":{"@type":"ImageObject","inLanguage":"pt-BR","@id":"https:\/\/morecashing.com\/#\/schema\/logo\/image\/","url":"https:\/\/morecashing.com\/wp-content\/uploads\/sites\/89\/2024\/09\/cropped-more-cashing.png","contentUrl":"https:\/\/morecashing.com\/wp-content\/uploads\/sites\/89\/2024\/09\/cropped-more-cashing.png","width":1080,"height":1080,"caption":"MoreCashing"},"image":{"@id":"https:\/\/morecashing.com\/#\/schema\/logo\/image\/"}}]}},"_links":{"self":[{"href":"https:\/\/morecashing.com\/pt\/wp-json\/wp\/v2\/pages\/102"}],"collection":[{"href":"https:\/\/morecashing.com\/pt\/wp-json\/wp\/v2\/pages"}],"about":[{"href":"https:\/\/morecashing.com\/pt\/wp-json\/wp\/v2\/types\/page"}],"author":[{"embeddable":true,"href":"https:\/\/morecashing.com\/pt\/wp-json\/wp\/v2\/users\/38"}],"replies":[{"embeddable":true,"href":"https:\/\/morecashing.com\/pt\/wp-json\/wp\/v2\/comments?post=102"}],"version-history":[{"count":5,"href":"https:\/\/morecashing.com\/pt\/wp-json\/wp\/v2\/pages\/102\/revisions"}],"predecessor-version":[{"id":2023,"href":"https:\/\/morecashing.com\/pt\/wp-json\/wp\/v2\/pages\/102\/revisions\/2023"}],"wp:attachment":[{"href":"https:\/\/morecashing.com\/pt\/wp-json\/wp\/v2\/media?parent=102"}],"curies":[{"name":"wp","href":"https:\/\/api.w.org\/{rel}","templated":true}]}}