    {"id":735,"date":"2024-05-02T17:53:17","date_gmt":"2024-05-02T17:53:17","guid":{"rendered":"https:\/\/morecashing.com\/?page_id=735"},"modified":"2025-11-24T18:32:34","modified_gmt":"2025-11-24T18:32:34","slug":"terms-of-use","status":"publish","type":"page","link":"https:\/\/morecashing.com\/es\/about-us\/terms-of-use\/","title":{"rendered":"Condiciones de uso"},"content":{"rendered":"<h2 class=\"wp-block-heading\">Actualizado el 5 de mayo de 2024<\/h2>\n\n\n\n<p><strong>M\u00e1s cobros<\/strong> Opera como una plataforma independiente que ofrece una amplia gama de contenidos y servicios a los usuarios que aceptan los t\u00e9rminos, condiciones y pol\u00edticas aqu\u00ed detallados. Al interactuar con nuestro sitio web, www.morecashing.com, usted acepta usar nuestros &quot;Servicios&quot;.<\/p>\n\n\n\n<p>More Cashing se especializa en conocimientos financieros y contenido \u00fatil y aborda un espectro diverso de estrategias, productos y servicios financieros.<\/p>\n\n\n\n<p>Nuestras pr\u00e1cticas de privacidad se detallan en nuestra Pol\u00edtica de Privacidad, disponible en www.morecashing.com\/privacy\/. Esta pol\u00edtica y la legislaci\u00f3n aplicable rigen el uso de nuestro sitio web y estos T\u00e9rminos.<\/p>\n\n\n\n<p>El prop\u00f3sito de estos T\u00e9rminos y Condiciones de Uso es describir los deberes y obligaciones que los usuarios deben seguir al acceder y utilizar el sitio web de More Cashing, tal y como se describe m\u00e1s adelante.<\/p>\n\n\n\n<p><strong>POR FAVOR, LEA ATENTAMENTE NUESTROS T\u00c9RMINOS DE USO. SI NO EST\u00c1 DE ACUERDO CON ESTOS T\u00c9RMINOS, NO UTILICE LOS SERVICIOS PROPORCIONADOS POR MORE CASHING.<\/strong><\/p>\n\n\n\n<h3 class=\"wp-block-heading\">Art\u00edculo I \u2013 Acuerdo de usuario<\/h3>\n\n\n\n<p>1.1 Al acceder a More Cashing, los usuarios aceptan cumplir con estos T\u00e9rminos y Condiciones de Uso y nuestra Pol\u00edtica de Privacidad.<\/p>\n\n\n\n<p>1.2 Los Usuarios afirman que tienen al menos 18 a\u00f1os y tienen la capacidad legal para aceptar estos T\u00e9rminos y Condiciones de Uso al acceder o utilizar More Cashing.<\/p>\n\n\n\n<p>1.3 Las personas que no cumplan con estos criterios o no est\u00e9n de acuerdo con estos t\u00e9rminos, total o parcialmente, no deben utilizar los servicios ni el sitio web de More Cashing.<\/p>\n\n\n\n<h3 class=\"wp-block-heading\">Art\u00edculo II \u2013 Comunicaci\u00f3n<\/h3>\n\n\n\n<p>2.1 More Cashing proporciona una plataforma de comunicaci\u00f3n para que los usuarios realicen consultas, aborden problemas, presenten quejas o brinden comentarios sobre nuestros productos\/servicios.<\/p>\n\n\n\n<p>2.2 Los usuarios podr\u00e1n comunicarse a trav\u00e9s de nuestro formulario de contacto en www.morecashing.com\/contact\/.<\/p>\n\n\n\n<h3 class=\"wp-block-heading\">Art\u00edculo III \u2013 Obligaciones de las Partes<\/h3>\n\n\n\n<p>3.1 Los usuarios deben comprender y aceptar completamente todos los aspectos de estos T\u00e9rminos y Condiciones de Uso y la Pol\u00edtica de Privacidad al utilizar los servicios o productos de More Cashing.<\/p>\n\n\n\n<p>3.2 More Cashing puede vincularse a sitios web externos para servicios o transacciones de productos, sin participar en estas transacciones externas.<\/p>\n\n\n\n<p>3.3 Los usuarios redirigidos a un sitio de terceros deben aceptar los t\u00e9rminos y la pol\u00edtica de privacidad de ese sitio.<\/p>\n\n\n\n<p>3.4 More Cashing no es responsable de los t\u00e9rminos, pol\u00edticas de privacidad o contenido de los servicios\/productos ofrecidos por entidades externas.<\/p>\n\n\n\n<p>3.5 More Cashing no se hace responsable de da\u00f1os causados por virus o malware que pudieran producirse durante el uso de Internet, siendo los usuarios responsables de su propia ciberseguridad.<\/p>\n\n\n\n<p>3.6 More Cashing no se hace responsable de p\u00e9rdidas o da\u00f1os causados por el mal uso de su sitio web o eventos imprevistos.<\/p>\n\n\n\n<p>3.7 More Cashing no solicita dep\u00f3sitos ni transferencias para la aprobaci\u00f3n de productos financieros.<\/p>\n\n\n\n<p>3.8 More Cashing no env\u00eda correos electr\u00f3nicos solicitando verificaci\u00f3n de datos ni con archivos adjuntos. Dichos incidentes deben reportarse a trav\u00e9s de www.morecashing.com\/contact\/.<\/p>\n\n\n\n<h3 class=\"wp-block-heading\">Art\u00edculo IV \u2013 Acciones restringidas<\/h3>\n\n\n\n<p>A los usuarios de More Cashing se les proh\u00edbe:<\/p>\n\n\n\n<ul>\n<li>Participar en actividades ilegales o promover tales acciones;<\/li>\n\n\n\n<li>Violar cualquier ley o reglamento;<\/li>\n\n\n\n<li>Infringir derechos de propiedad intelectual;<\/li>\n\n\n\n<li>Participar en acoso, abuso, difamaci\u00f3n, discriminaci\u00f3n o intimidaci\u00f3n;<\/li>\n\n\n\n<li>Difundir informaci\u00f3n falsa o enga\u00f1osa;<\/li>\n\n\n\n<li>Transmisi\u00f3n de c\u00f3digo malicioso;<\/li>\n\n\n\n<li>Recopilar datos personales de otros sin consentimiento;<\/li>\n\n\n\n<li>Participar en spam, phishing o actividades relacionadas;<\/li>\n\n\n\n<li>Utilizar el servicio con fines inmorales u obscenos;<\/li>\n\n\n\n<li>Intentando eludir las medidas de seguridad.<\/li>\n<\/ul>\n\n\n\n<p>La violaci\u00f3n de estas reglas puede dar lugar a la terminaci\u00f3n del acceso a nuestros servicios.<\/p>\n\n\n\n<h3 class=\"wp-block-heading\">Art\u00edculo V \u2013 L\u00edmites de responsabilidad y garant\u00edas<\/h3>\n\n\n\n<p>No podemos garantizar un uso ininterrumpido, seguro o libre de errores de nuestros servicios, ni la precisi\u00f3n de los resultados de su uso. Nos reservamos el derecho de suspender o cancelar el servicio en cualquier momento sin previo aviso.<\/p>\n\n\n\n<p>El uso que usted haga de nuestro servicio se realiza bajo su propio riesgo. El servicio y todos los productos relacionados se proporcionan \u201ctal como est\u00e1n\u201d, sin garant\u00edas de ning\u00fan tipo, expresas o impl\u00edcitas.<\/p>\n\n\n\n<p>More Cashing y sus empleados, afiliados, agentes, contratistas, proveedores de servicios o licenciantes no ser\u00e1n responsables de ning\u00fan da\u00f1o, incluida la p\u00e9rdida de ganancias, ingresos, datos o costos de reemplazo, asociados con el uso de nuestro servicio o cualquier reclamo relacionado con \u00e9l.<\/p>\n\n\n\n<h3 class=\"wp-block-heading\">Art\u00edculo VI \u2013 Duraci\u00f3n y prescripci\u00f3n<\/h3>\n\n\n\n<p>Los presentes T\u00e9rminos y Condiciones de Uso tienen vigencia indefinida. Las acciones legales o administrativas relacionadas con el uso de More Cashing o su Pol\u00edtica de Privacidad deber\u00e1n iniciarse dentro de los 90 d\u00edas siguientes al incidente que d\u00e9 lugar al reclamo.<\/p>\n\n\n\n<h3 class=\"wp-block-heading\">Art\u00edculo VII \u2013 Ley aplicable y jurisdicci\u00f3n<\/h3>\n\n\n\n<p>Estos T\u00e9rminos de uso se regir\u00e1n e interpretar\u00e1n de conformidad con las <strong>leyes de la Rep\u00fablica de Estonia<\/strong>Cualquier disputa, controversia o reclamaci\u00f3n que surja de o est\u00e9 relacionada con estos T\u00e9rminos o el uso de este sitio web se resolver\u00e1 de conformidad con la legislaci\u00f3n de Estonia, bajo el <strong>Jurisdicci\u00f3n exclusiva de los tribunales ubicados en Tallin, Estonia<\/strong>.<br>Esta cl\u00e1usula garantiza la transparencia jur\u00eddica y la alineaci\u00f3n con las mejores pr\u00e1cticas de cumplimiento internacional, tal como lo establece la legislaci\u00f3n de Estonia. <em>Ley de Derecho de Obligaciones<\/em> y <em>Ley de Derecho Internacional Privado<\/em>.<\/p>\n\n\n\n<h3 class=\"wp-block-heading\">Art\u00edculo VIII \u2013 Contenido y derechos de propiedad intelectual<\/h3>\n\n\n\n<p>8.1 <strong>Propiedad del contenido<\/strong><\/p>\n\n\n\n<p>Todo el contenido del sitio web de More Cashing est\u00e1 protegido por las leyes de derechos de autor y propiedad intelectual. Los usuarios no deben reproducir, modificar, distribuir, publicar, exhibir ni crear trabajos derivados de este contenido sin el permiso expl\u00edcito de los propietarios.<\/p>\n\n\n\n<p>8.2 <strong>Descargo de responsabilidad<\/strong><\/p>\n\n\n\n<p>More Cashing no se hace responsable del contenido de terceros, incluidos comentarios, publicaciones en foros, contenido de redes sociales o cualquier cosa que est\u00e9 fuera de su control. Tambi\u00e9n se exime de toda responsabilidad por cualquier da\u00f1o relacionado con el uso del sitio web.<\/p>\n\n\n\n<p>8.3 <strong>Respuesta a la violaci\u00f3n de contenido<\/strong><\/p>\n\n\n\n<p>More Cashing se reserva el derecho de eliminar contenido que viole estos t\u00e9rminos, como material ilegal, ofensivo o difamatorio, o contenido que infrinja los derechos de propiedad intelectual de terceros.<\/p>\n\n\n\n<h3 class=\"wp-block-heading\">Art\u00edculo IX \u2013 Modificaciones a los T\u00e9rminos y Condiciones<\/h3>\n\n\n\n<p>More Cashing puede modificar o discontinuar cualquier aspecto de sus servicios sin previo aviso o notificaci\u00f3n posterior. Los usuarios reconocen que More Cashing no es responsable de ning\u00fan cambio, suspensi\u00f3n o discontinuaci\u00f3n de sus servicios.<\/p>\n\n\n\n<p><strong>AQUELLOS QUE NO EST\u00c9N DE ACUERDO CON ESTOS T\u00c9RMINOS Y CONDICIONES VINCULANTES Y EJECUTABLES NO DEBEN UTILIZAR EL SITIO WEB MORE CASHING.<\/strong><\/p>\n\n\n\n<h3 class=\"wp-block-heading\">Art\u00edculo X \u2013 Informaci\u00f3n de contacto<\/h3>\n\n\n\n<p>Para preguntas o sugerencias sobre nuestros servicios, comun\u00edquese con More Cashing a trav\u00e9s de www.morecashing.com\/contact\/.<\/p>","protected":false},"excerpt":{"rendered":"<p>Actualizado el 5 de mayo de 2024. More Cashing opera como una plataforma independiente que ofrece una amplia gama de contenido y servicios a los usuarios que aceptan los t\u00e9rminos, condiciones y pol\u00edticas aqu\u00ed detallados. Al interactuar con nuestro sitio web, www.morecashing.com, usted acepta usar nuestros &quot;Servicios&quot;. Especializado en informaci\u00f3n financiera y contenido \u00fatil, More [\u2026]<\/p>","protected":false},"author":38,"featured_media":0,"parent":104,"menu_order":0,"comment_status":"closed","ping_status":"closed","template":"","meta":{"footnotes":""},"yoast_head":"<!-- This site is optimized with the Yoast SEO Premium plugin v18.7 (Yoast SEO v23.3) - https:\/\/yoast.com\/wordpress\/plugins\/seo\/ -->\n<title>Terms of use - MoreCashing<\/title>\n<meta name=\"robots\" content=\"index, follow, max-snippet:-1, max-image-preview:large, max-video-preview:-1\" \/>\n<link rel=\"canonical\" href=\"https:\/\/morecashing.com\/es\/about-us\/terms-of-use\/\" \/>\n<meta property=\"og:locale\" content=\"es_ES\" \/>\n<meta property=\"og:type\" content=\"article\" \/>\n<meta property=\"og:title\" content=\"Terms of use\" \/>\n<meta property=\"og:description\" content=\"Updated on May 5, 2024 More Cashing operates as an independent platform, providing a wide range of content and services available to users who accept the terms, conditions, and policies detailed herein. By interacting with our website located at www.morecashing.com, you agree to engage with our &#8220;Services.&#8221; Specializing in financial insights and resourceful content, More [&hellip;]\" \/>\n<meta property=\"og:url\" content=\"https:\/\/morecashing.com\/es\/about-us\/terms-of-use\/\" \/>\n<meta property=\"og:site_name\" content=\"MoreCashing\" \/>\n<meta property=\"article:modified_time\" content=\"2025-11-24T18:32:34+00:00\" \/>\n<meta name=\"twitter:card\" content=\"summary_large_image\" \/>\n<meta name=\"twitter:label1\" content=\"Est. reading time\" \/>\n\t<meta name=\"twitter:data1\" content=\"5 minutos\" \/>\n<script type=\"application\/ld+json\" class=\"yoast-schema-graph\">{\"@context\":\"https:\/\/schema.org\",\"@graph\":[{\"@type\":\"WebPage\",\"@id\":\"https:\/\/morecashing.com\/about-us\/terms-of-use\/\",\"url\":\"https:\/\/morecashing.com\/about-us\/terms-of-use\/\",\"name\":\"Terms of use - MoreCashing\",\"isPartOf\":{\"@id\":\"https:\/\/morecashing.com\/#website\"},\"datePublished\":\"2024-05-02T17:53:17+00:00\",\"dateModified\":\"2025-11-24T18:32:34+00:00\",\"breadcrumb\":{\"@id\":\"https:\/\/morecashing.com\/about-us\/terms-of-use\/#breadcrumb\"},\"inLanguage\":\"es\",\"potentialAction\":[{\"@type\":\"ReadAction\",\"target\":[\"https:\/\/morecashing.com\/about-us\/terms-of-use\/\"]}]},{\"@type\":\"BreadcrumbList\",\"@id\":\"https:\/\/morecashing.com\/about-us\/terms-of-use\/#breadcrumb\",\"itemListElement\":[{\"@type\":\"ListItem\",\"position\":1,\"name\":\"Home\",\"item\":\"https:\/\/morecashing.com\/\"},{\"@type\":\"ListItem\",\"position\":2,\"name\":\"About Us\",\"item\":\"https:\/\/morecashing.com\/about-us\/\"},{\"@type\":\"ListItem\",\"position\":3,\"name\":\"Terms of use\"}]},{\"@type\":\"WebSite\",\"@id\":\"https:\/\/morecashing.com\/#website\",\"url\":\"https:\/\/morecashing.com\/\",\"name\":\"MoreCashing\",\"description\":\"morecashing\",\"publisher\":{\"@id\":\"https:\/\/morecashing.com\/#organization\"},\"potentialAction\":[{\"@type\":\"SearchAction\",\"target\":{\"@type\":\"EntryPoint\",\"urlTemplate\":\"https:\/\/morecashing.com\/?s={search_term_string}\"},\"query-input\":\"required name=search_term_string\"}],\"inLanguage\":\"es\"},{\"@type\":\"Organization\",\"@id\":\"https:\/\/morecashing.com\/#organization\",\"name\":\"MoreCashing\",\"url\":\"https:\/\/morecashing.com\/\",\"logo\":{\"@type\":\"ImageObject\",\"inLanguage\":\"es\",\"@id\":\"https:\/\/morecashing.com\/#\/schema\/logo\/image\/\",\"url\":\"https:\/\/morecashing.com\/wp-content\/uploads\/sites\/89\/2024\/09\/cropped-more-cashing.png\",\"contentUrl\":\"https:\/\/morecashing.com\/wp-content\/uploads\/sites\/89\/2024\/09\/cropped-more-cashing.png\",\"width\":1080,\"height\":1080,\"caption\":\"MoreCashing\"},\"image\":{\"@id\":\"https:\/\/morecashing.com\/#\/schema\/logo\/image\/\"}}]}<\/script>\n<!-- \/ Yoast SEO Premium plugin. -->","yoast_head_json":{"title":"Terms of use - MoreCashing","robots":{"index":"index","follow":"follow","max-snippet":"max-snippet:-1","max-image-preview":"max-image-preview:large","max-video-preview":"max-video-preview:-1"},"canonical":"https:\/\/morecashing.com\/es\/about-us\/terms-of-use\/","og_locale":"es_ES","og_type":"article","og_title":"Terms of use","og_description":"Updated on May 5, 2024 More Cashing operates as an independent platform, providing a wide range of content and services available to users who accept the terms, conditions, and policies detailed herein. By interacting with our website located at www.morecashing.com, you agree to engage with our &#8220;Services.&#8221; Specializing in financial insights and resourceful content, More [&hellip;]","og_url":"https:\/\/morecashing.com\/es\/about-us\/terms-of-use\/","og_site_name":"MoreCashing","article_modified_time":"2025-11-24T18:32:34+00:00","twitter_card":"summary_large_image","twitter_misc":{"Est. reading time":"5 minutos"},"schema":{"@context":"https:\/\/schema.org","@graph":[{"@type":"WebPage","@id":"https:\/\/morecashing.com\/about-us\/terms-of-use\/","url":"https:\/\/morecashing.com\/about-us\/terms-of-use\/","name":"Terms of use - MoreCashing","isPartOf":{"@id":"https:\/\/morecashing.com\/#website"},"datePublished":"2024-05-02T17:53:17+00:00","dateModified":"2025-11-24T18:32:34+00:00","breadcrumb":{"@id":"https:\/\/morecashing.com\/about-us\/terms-of-use\/#breadcrumb"},"inLanguage":"es","potentialAction":[{"@type":"ReadAction","target":["https:\/\/morecashing.com\/about-us\/terms-of-use\/"]}]},{"@type":"BreadcrumbList","@id":"https:\/\/morecashing.com\/about-us\/terms-of-use\/#breadcrumb","itemListElement":[{"@type":"ListItem","position":1,"name":"Home","item":"https:\/\/morecashing.com\/"},{"@type":"ListItem","position":2,"name":"About Us","item":"https:\/\/morecashing.com\/about-us\/"},{"@type":"ListItem","position":3,"name":"Terms of use"}]},{"@type":"WebSite","@id":"https:\/\/morecashing.com\/#website","url":"https:\/\/morecashing.com\/","name":"MoreCashing","description":"morecashing","publisher":{"@id":"https:\/\/morecashing.com\/#organization"},"potentialAction":[{"@type":"SearchAction","target":{"@type":"EntryPoint","urlTemplate":"https:\/\/morecashing.com\/?s={search_term_string}"},"query-input":"required name=search_term_string"}],"inLanguage":"es"},{"@type":"Organization","@id":"https:\/\/morecashing.com\/#organization","name":"MoreCashing","url":"https:\/\/morecashing.com\/","logo":{"@type":"ImageObject","inLanguage":"es","@id":"https:\/\/morecashing.com\/#\/schema\/logo\/image\/","url":"https:\/\/morecashing.com\/wp-content\/uploads\/sites\/89\/2024\/09\/cropped-more-cashing.png","contentUrl":"https:\/\/morecashing.com\/wp-content\/uploads\/sites\/89\/2024\/09\/cropped-more-cashing.png","width":1080,"height":1080,"caption":"MoreCashing"},"image":{"@id":"https:\/\/morecashing.com\/#\/schema\/logo\/image\/"}}]}},"_links":{"self":[{"href":"https:\/\/morecashing.com\/es\/wp-json\/wp\/v2\/pages\/735"}],"collection":[{"href":"https:\/\/morecashing.com\/es\/wp-json\/wp\/v2\/pages"}],"about":[{"href":"https:\/\/morecashing.com\/es\/wp-json\/wp\/v2\/types\/page"}],"author":[{"embeddable":true,"href":"https:\/\/morecashing.com\/es\/wp-json\/wp\/v2\/users\/38"}],"replies":[{"embeddable":true,"href":"https:\/\/morecashing.com\/es\/wp-json\/wp\/v2\/comments?post=735"}],"version-history":[{"count":4,"href":"https:\/\/morecashing.com\/es\/wp-json\/wp\/v2\/pages\/735\/revisions"}],"predecessor-version":[{"id":2022,"href":"https:\/\/morecashing.com\/es\/wp-json\/wp\/v2\/pages\/735\/revisions\/2022"}],"up":[{"embeddable":true,"href":"https:\/\/morecashing.com\/es\/wp-json\/wp\/v2\/pages\/104"}],"wp:attachment":[{"href":"https:\/\/morecashing.com\/es\/wp-json\/wp\/v2\/media?parent=735"}],"curies":[{"name":"wp","href":"https:\/\/api.w.org\/{rel}","templated":true}]}}