    {"id":108,"date":"2023-12-16T03:19:47","date_gmt":"2023-12-16T03:19:47","guid":{"rendered":"https:\/\/morecashing.com\/?page_id=108"},"modified":"2025-11-24T18:28:18","modified_gmt":"2025-11-24T18:28:18","slug":"contact-us","status":"publish","type":"page","link":"https:\/\/morecashing.com\/es\/contact-us\/","title":{"rendered":"Cont\u00e1ctenos"},"content":{"rendered":"<p>Gracias por visitar MoreCashing, su fuente favorita de sabidur\u00eda para padres. Agradecemos sus preguntas, comentarios y solicitudes. No dude en comunicarse con nosotros utilizando los siguientes datos de contacto, seg\u00fan sus necesidades espec\u00edficas:<\/p>\n\n\n\n<h3 class=\"wp-block-heading\">Preguntas generales:<\/h3>\n\n\n\n<p>Para preguntas generales o informaci\u00f3n sobre MoreCashing, cont\u00e1ctenos en contact@morecashing.com. Agradecemos su atenci\u00f3n y haremos todo lo posible por responder lo antes posible.<\/p>\n\n\n\n<h3 class=\"wp-block-heading\">Cuestiones sustanciales:<\/h3>\n\n\n\n<p>Si tiene alguna pregunta sobre nuestro contenido o desea contribuir, cont\u00e1ctenos en contact@morecashing.com. Valoramos sus ideas y contribuciones a la comunidad.<\/p>\n\n\n\n<h3 class=\"wp-block-heading\">Asistencia t\u00e9cnica:<\/h3>\n\n\n\n<p>Si tiene alg\u00fan problema t\u00e9cnico al navegar por nuestro sitio web, p\u00f3ngase en contacto con nuestro equipo de soporte en contact@morecashing.com. Estamos aqu\u00ed para ayudarle y garantizar una experiencia en l\u00ednea fluida.<\/p>\n\n\n\n<h3 class=\"wp-block-heading\">Vis\u00edtanos:<\/h3>\n\n\n\n<p>MoreCashing es un espacio virtual, pero tu participaci\u00f3n y tus comentarios lo convierten en una comunidad pr\u00f3spera. Aunque no tenemos una ubicaci\u00f3n f\u00edsica para visitar, siempre estamos en l\u00ednea para ti.<\/p>\n\n\n\n<p>Gracias por ser parte de la comunidad de MoreCashing. Esperamos tener noticias tuyas y seguir brind\u00e1ndote apoyo en tu camino como padre.<\/p>\n\n\n\n<p>Saludos,<\/p>\n\n\n\n<p>Equipo de MoreCashing<\/p>","protected":false},"excerpt":{"rendered":"<p>Gracias por visitar MoreCashing, tu fuente favorita de sabidur\u00eda para padres. Agradecemos tus preguntas, comentarios y solicitudes. No dudes en contactarnos utilizando los siguientes datos de contacto, seg\u00fan tus necesidades espec\u00edficas: Preguntas generales: Para preguntas generales o informaci\u00f3n sobre MoreCashing, cont\u00e1ctanos en contact@morecashing.com. Agradecemos tu atenci\u00f3n y haremos todo lo posible para [\u2026]<\/p>","protected":false},"author":38,"featured_media":0,"parent":0,"menu_order":0,"comment_status":"closed","ping_status":"closed","template":"","meta":{"footnotes":""},"yoast_head":"<!-- This site is optimized with the Yoast SEO Premium plugin v18.7 (Yoast SEO v23.3) - https:\/\/yoast.com\/wordpress\/plugins\/seo\/ -->\n<title>Contact Us - MoreCashing<\/title>\n<meta name=\"robots\" content=\"index, follow, max-snippet:-1, max-image-preview:large, max-video-preview:-1\" \/>\n<link rel=\"canonical\" href=\"https:\/\/morecashing.com\/es\/contact-us\/\" \/>\n<meta property=\"og:locale\" content=\"es_ES\" \/>\n<meta property=\"og:type\" content=\"article\" \/>\n<meta property=\"og:title\" content=\"Contact Us\" \/>\n<meta property=\"og:description\" content=\"Thank you for visiting MoreCashing, your favourite source for parenting wisdom. We welcome your questions, feedback and requests. Please feel free to contact us using the following contact details, depending on your specific needs: General Questions: For general questions or information about MoreCashing, please contact us at contact@morecashing.com. We appreciate your attention and will do [&hellip;]\" \/>\n<meta property=\"og:url\" content=\"https:\/\/morecashing.com\/es\/contact-us\/\" \/>\n<meta property=\"og:site_name\" content=\"MoreCashing\" \/>\n<meta property=\"article:modified_time\" content=\"2025-11-24T18:28:18+00:00\" \/>\n<meta name=\"twitter:card\" content=\"summary_large_image\" \/>\n<meta name=\"twitter:label1\" content=\"Est. reading time\" \/>\n\t<meta name=\"twitter:data1\" content=\"1 minuto\" \/>\n<script type=\"application\/ld+json\" class=\"yoast-schema-graph\">{\"@context\":\"https:\/\/schema.org\",\"@graph\":[{\"@type\":\"WebPage\",\"@id\":\"https:\/\/morecashing.com\/contact-us\/\",\"url\":\"https:\/\/morecashing.com\/contact-us\/\",\"name\":\"Contact Us - MoreCashing\",\"isPartOf\":{\"@id\":\"https:\/\/morecashing.com\/#website\"},\"datePublished\":\"2023-12-16T03:19:47+00:00\",\"dateModified\":\"2025-11-24T18:28:18+00:00\",\"breadcrumb\":{\"@id\":\"https:\/\/morecashing.com\/contact-us\/#breadcrumb\"},\"inLanguage\":\"es\",\"potentialAction\":[{\"@type\":\"ReadAction\",\"target\":[\"https:\/\/morecashing.com\/contact-us\/\"]}]},{\"@type\":\"BreadcrumbList\",\"@id\":\"https:\/\/morecashing.com\/contact-us\/#breadcrumb\",\"itemListElement\":[{\"@type\":\"ListItem\",\"position\":1,\"name\":\"Home\",\"item\":\"https:\/\/morecashing.com\/\"},{\"@type\":\"ListItem\",\"position\":2,\"name\":\"Contact Us\"}]},{\"@type\":\"WebSite\",\"@id\":\"https:\/\/morecashing.com\/#website\",\"url\":\"https:\/\/morecashing.com\/\",\"name\":\"MoreCashing\",\"description\":\"morecashing\",\"publisher\":{\"@id\":\"https:\/\/morecashing.com\/#organization\"},\"potentialAction\":[{\"@type\":\"SearchAction\",\"target\":{\"@type\":\"EntryPoint\",\"urlTemplate\":\"https:\/\/morecashing.com\/?s={search_term_string}\"},\"query-input\":\"required name=search_term_string\"}],\"inLanguage\":\"es\"},{\"@type\":\"Organization\",\"@id\":\"https:\/\/morecashing.com\/#organization\",\"name\":\"MoreCashing\",\"url\":\"https:\/\/morecashing.com\/\",\"logo\":{\"@type\":\"ImageObject\",\"inLanguage\":\"es\",\"@id\":\"https:\/\/morecashing.com\/#\/schema\/logo\/image\/\",\"url\":\"https:\/\/morecashing.com\/wp-content\/uploads\/sites\/89\/2024\/09\/cropped-more-cashing.png\",\"contentUrl\":\"https:\/\/morecashing.com\/wp-content\/uploads\/sites\/89\/2024\/09\/cropped-more-cashing.png\",\"width\":1080,\"height\":1080,\"caption\":\"MoreCashing\"},\"image\":{\"@id\":\"https:\/\/morecashing.com\/#\/schema\/logo\/image\/\"}}]}<\/script>\n<!-- \/ Yoast SEO Premium plugin. -->","yoast_head_json":{"title":"Contact Us - MoreCashing","robots":{"index":"index","follow":"follow","max-snippet":"max-snippet:-1","max-image-preview":"max-image-preview:large","max-video-preview":"max-video-preview:-1"},"canonical":"https:\/\/morecashing.com\/es\/contact-us\/","og_locale":"es_ES","og_type":"article","og_title":"Contact Us","og_description":"Thank you for visiting MoreCashing, your favourite source for parenting wisdom. We welcome your questions, feedback and requests. Please feel free to contact us using the following contact details, depending on your specific needs: General Questions: For general questions or information about MoreCashing, please contact us at contact@morecashing.com. We appreciate your attention and will do [&hellip;]","og_url":"https:\/\/morecashing.com\/es\/contact-us\/","og_site_name":"MoreCashing","article_modified_time":"2025-11-24T18:28:18+00:00","twitter_card":"summary_large_image","twitter_misc":{"Est. reading time":"1 minuto"},"schema":{"@context":"https:\/\/schema.org","@graph":[{"@type":"WebPage","@id":"https:\/\/morecashing.com\/contact-us\/","url":"https:\/\/morecashing.com\/contact-us\/","name":"Contact Us - MoreCashing","isPartOf":{"@id":"https:\/\/morecashing.com\/#website"},"datePublished":"2023-12-16T03:19:47+00:00","dateModified":"2025-11-24T18:28:18+00:00","breadcrumb":{"@id":"https:\/\/morecashing.com\/contact-us\/#breadcrumb"},"inLanguage":"es","potentialAction":[{"@type":"ReadAction","target":["https:\/\/morecashing.com\/contact-us\/"]}]},{"@type":"BreadcrumbList","@id":"https:\/\/morecashing.com\/contact-us\/#breadcrumb","itemListElement":[{"@type":"ListItem","position":1,"name":"Home","item":"https:\/\/morecashing.com\/"},{"@type":"ListItem","position":2,"name":"Contact Us"}]},{"@type":"WebSite","@id":"https:\/\/morecashing.com\/#website","url":"https:\/\/morecashing.com\/","name":"MoreCashing","description":"morecashing","publisher":{"@id":"https:\/\/morecashing.com\/#organization"},"potentialAction":[{"@type":"SearchAction","target":{"@type":"EntryPoint","urlTemplate":"https:\/\/morecashing.com\/?s={search_term_string}"},"query-input":"required name=search_term_string"}],"inLanguage":"es"},{"@type":"Organization","@id":"https:\/\/morecashing.com\/#organization","name":"MoreCashing","url":"https:\/\/morecashing.com\/","logo":{"@type":"ImageObject","inLanguage":"es","@id":"https:\/\/morecashing.com\/#\/schema\/logo\/image\/","url":"https:\/\/morecashing.com\/wp-content\/uploads\/sites\/89\/2024\/09\/cropped-more-cashing.png","contentUrl":"https:\/\/morecashing.com\/wp-content\/uploads\/sites\/89\/2024\/09\/cropped-more-cashing.png","width":1080,"height":1080,"caption":"MoreCashing"},"image":{"@id":"https:\/\/morecashing.com\/#\/schema\/logo\/image\/"}}]}},"_links":{"self":[{"href":"https:\/\/morecashing.com\/es\/wp-json\/wp\/v2\/pages\/108"}],"collection":[{"href":"https:\/\/morecashing.com\/es\/wp-json\/wp\/v2\/pages"}],"about":[{"href":"https:\/\/morecashing.com\/es\/wp-json\/wp\/v2\/types\/page"}],"author":[{"embeddable":true,"href":"https:\/\/morecashing.com\/es\/wp-json\/wp\/v2\/users\/38"}],"replies":[{"embeddable":true,"href":"https:\/\/morecashing.com\/es\/wp-json\/wp\/v2\/comments?post=108"}],"version-history":[{"count":2,"href":"https:\/\/morecashing.com\/es\/wp-json\/wp\/v2\/pages\/108\/revisions"}],"predecessor-version":[{"id":2017,"href":"https:\/\/morecashing.com\/es\/wp-json\/wp\/v2\/pages\/108\/revisions\/2017"}],"wp:attachment":[{"href":"https:\/\/morecashing.com\/es\/wp-json\/wp\/v2\/media?parent=108"}],"curies":[{"name":"wp","href":"https:\/\/api.w.org\/{rel}","templated":true}]}}