    {"id":104,"date":"2023-12-16T03:17:05","date_gmt":"2023-12-16T03:17:05","guid":{"rendered":"https:\/\/morecashing.com\/?page_id=104"},"modified":"2025-11-24T18:29:57","modified_gmt":"2025-11-24T18:29:57","slug":"about-us","status":"publish","type":"page","link":"https:\/\/morecashing.com\/es\/about-us\/","title":{"rendered":"Sobre nosotros"},"content":{"rendered":"<h1 class=\"wp-block-heading\"><strong>Sobre nosotros<\/strong><\/h1>\n\n\n\n<p>Bienvenido a <strong>M\u00e1sCashing<\/strong> \u2014 Tu espacio para obtener orientaci\u00f3n clara, pr\u00e1ctica y motivadora sobre c\u00f3mo generar ingresos, impulsar tu carrera profesional y crear oportunidades financieras reales. Ya sea que est\u00e9s explorando nuevas oportunidades laborales, iniciando un negocio, mejorando tus habilidades o buscando maneras inteligentes de ganar m\u00e1s, MoreCashing est\u00e1 aqu\u00ed para ayudarte a avanzar con seguridad.<\/p>\n\n\n\n<h2 class=\"wp-block-heading\"><strong>\u00bfQu\u00e9 nos motiva?<\/strong><\/h2>\n\n\n\n<p>En MoreCashing, creemos que el crecimiento financiero comienza con conocimiento, claridad y acci\u00f3n. Nuestra misi\u00f3n es simple:<br><strong>para ayudar a la gente com\u00fan a descubrir mejores formas de ganar dinero, trabajar y tener \u00e9xito.<\/strong><\/p>\n\n\n\n<p>A trav\u00e9s de informaci\u00f3n accesible, gu\u00edas paso a paso y estrategias del mundo real, hacemos que temas como oportunidades laborales, emprendimiento, trabajos secundarios y desarrollo empresarial sean m\u00e1s f\u00e1ciles de entender y de poner en pr\u00e1ctica.<\/p>\n\n\n\n<p>Nos comprometemos a ofrecer contenido que le ayude a tomar decisiones m\u00e1s inteligentes, desbloquear nuevas fuentes de ingresos y construir una estabilidad financiera duradera.<\/p>\n\n\n\n<h2 class=\"wp-block-heading\"><strong>Quienes somos<\/strong><\/h2>\n\n\n\n<p>MoreCashing es una comunidad en crecimiento de profesionales, estudiantes, creadores y emprendedores que creen en el progreso a trav\u00e9s del conocimiento pr\u00e1ctico. Nuestro equipo produce contenido dise\u00f1ado para quienes desean:<\/p>\n\n\n\n<ul>\n<li>mejorar sus perspectivas profesionales<\/li>\n\n\n\n<li>iniciar o hacer crecer un negocio<\/li>\n\n\n\n<li>explorar oportunidades empresariales<\/li>\n\n\n\n<li>desarrollar habilidades valiosas<\/li>\n\n\n\n<li>Aumentar los ingresos a trav\u00e9s de nuevas ideas y actividades secundarias.<\/li>\n<\/ul>\n\n\n\n<p>Nos centramos en lo que realmente funciona en la vida real, no solo en las teor\u00edas, para que puedas tomar medidas significativas para alcanzar tus objetivos.<\/p>\n\n\n\n<h2 class=\"wp-block-heading\"><strong>Complicarse<\/strong><\/h2>\n\n\n\n<p>\u00bfTienes alg\u00fan tema que te gustar\u00eda que cubramos? \u00bfQuieres compartir tu experiencia o sugerir una idea?<br>Nos encantar\u00eda saber de ti. Tus ideas nos ayudan a crear contenido que te ayude a ganar m\u00e1s, trabajar de forma m\u00e1s inteligente y construir la vida que deseas.<\/p>\n\n\n\n<p>Crezcamos juntos: una oportunidad, una habilidad, un avance a la vez.<\/p>\n\n\n\n<p><\/p>","protected":false},"excerpt":{"rendered":"<p>Sobre nosotros Bienvenido a MoreCashing: tu espacio para obtener orientaci\u00f3n clara, pr\u00e1ctica y motivadora sobre c\u00f3mo generar ingresos, impulsar tu carrera y crear oportunidades financieras reales. Ya sea que est\u00e9s explorando nuevas trayectorias laborales, emprendiendo un negocio, mejorando tus habilidades o buscando formas inteligentes de ganar m\u00e1s, MoreCashing est\u00e1 aqu\u00ed para ayudarte a avanzar con confianza. [\u2026]<\/p>","protected":false},"author":38,"featured_media":598,"parent":0,"menu_order":0,"comment_status":"closed","ping_status":"closed","template":"","meta":{"footnotes":""},"yoast_head":"<!-- This site is optimized with the Yoast SEO Premium plugin v18.7 (Yoast SEO v23.3) - https:\/\/yoast.com\/wordpress\/plugins\/seo\/ -->\n<title>About Us - MoreCashing<\/title>\n<meta name=\"robots\" content=\"index, follow, max-snippet:-1, max-image-preview:large, max-video-preview:-1\" \/>\n<link rel=\"canonical\" href=\"https:\/\/morecashing.com\/es\/about-us\/\" \/>\n<meta property=\"og:locale\" content=\"es_ES\" \/>\n<meta property=\"og:type\" content=\"article\" \/>\n<meta property=\"og:title\" content=\"About Us\" \/>\n<meta property=\"og:description\" content=\"About Us Welcome to MoreCashing \u2014 your space for clear, practical, and empowering guidance on building income, growing your career, and creating real financial opportunities. Whether you&#8217;re exploring new job paths, starting a business, boosting your skills, or looking for smart ways to earn more, MoreCashing is here to help you take confident steps forward. [&hellip;]\" \/>\n<meta property=\"og:url\" content=\"https:\/\/morecashing.com\/es\/about-us\/\" \/>\n<meta property=\"og:site_name\" content=\"MoreCashing\" \/>\n<meta property=\"article:modified_time\" content=\"2025-11-24T18:29:57+00:00\" \/>\n<meta property=\"og:image\" content=\"http:\/\/morecashing.com\/wp-content\/uploads\/sites\/89\/2024\/02\/pexels-rdne-stock-project-7310202-scaled-1.jpg\" \/>\n\t<meta property=\"og:image:width\" content=\"2560\" \/>\n\t<meta property=\"og:image:height\" content=\"1707\" \/>\n\t<meta property=\"og:image:type\" content=\"image\/jpeg\" \/>\n<meta name=\"twitter:card\" content=\"summary_large_image\" \/>\n<meta name=\"twitter:label1\" content=\"Est. reading time\" \/>\n\t<meta name=\"twitter:data1\" content=\"2 minutos\" \/>\n<script type=\"application\/ld+json\" class=\"yoast-schema-graph\">{\"@context\":\"https:\/\/schema.org\",\"@graph\":[{\"@type\":\"WebPage\",\"@id\":\"https:\/\/morecashing.com\/about-us\/\",\"url\":\"https:\/\/morecashing.com\/about-us\/\",\"name\":\"About Us - MoreCashing\",\"isPartOf\":{\"@id\":\"https:\/\/morecashing.com\/#website\"},\"primaryImageOfPage\":{\"@id\":\"https:\/\/morecashing.com\/about-us\/#primaryimage\"},\"image\":{\"@id\":\"https:\/\/morecashing.com\/about-us\/#primaryimage\"},\"thumbnailUrl\":\"https:\/\/morecashing.com\/wp-content\/uploads\/sites\/89\/2024\/02\/pexels-rdne-stock-project-7310202-scaled-1.jpg\",\"datePublished\":\"2023-12-16T03:17:05+00:00\",\"dateModified\":\"2025-11-24T18:29:57+00:00\",\"breadcrumb\":{\"@id\":\"https:\/\/morecashing.com\/about-us\/#breadcrumb\"},\"inLanguage\":\"es\",\"potentialAction\":[{\"@type\":\"ReadAction\",\"target\":[\"https:\/\/morecashing.com\/about-us\/\"]}]},{\"@type\":\"ImageObject\",\"inLanguage\":\"es\",\"@id\":\"https:\/\/morecashing.com\/about-us\/#primaryimage\",\"url\":\"https:\/\/morecashing.com\/wp-content\/uploads\/sites\/89\/2024\/02\/pexels-rdne-stock-project-7310202-scaled-1.jpg\",\"contentUrl\":\"https:\/\/morecashing.com\/wp-content\/uploads\/sites\/89\/2024\/02\/pexels-rdne-stock-project-7310202-scaled-1.jpg\",\"width\":2560,\"height\":1707},{\"@type\":\"BreadcrumbList\",\"@id\":\"https:\/\/morecashing.com\/about-us\/#breadcrumb\",\"itemListElement\":[{\"@type\":\"ListItem\",\"position\":1,\"name\":\"Home\",\"item\":\"https:\/\/morecashing.com\/\"},{\"@type\":\"ListItem\",\"position\":2,\"name\":\"About Us\"}]},{\"@type\":\"WebSite\",\"@id\":\"https:\/\/morecashing.com\/#website\",\"url\":\"https:\/\/morecashing.com\/\",\"name\":\"MoreCashing\",\"description\":\"morecashing\",\"publisher\":{\"@id\":\"https:\/\/morecashing.com\/#organization\"},\"potentialAction\":[{\"@type\":\"SearchAction\",\"target\":{\"@type\":\"EntryPoint\",\"urlTemplate\":\"https:\/\/morecashing.com\/?s={search_term_string}\"},\"query-input\":\"required name=search_term_string\"}],\"inLanguage\":\"es\"},{\"@type\":\"Organization\",\"@id\":\"https:\/\/morecashing.com\/#organization\",\"name\":\"MoreCashing\",\"url\":\"https:\/\/morecashing.com\/\",\"logo\":{\"@type\":\"ImageObject\",\"inLanguage\":\"es\",\"@id\":\"https:\/\/morecashing.com\/#\/schema\/logo\/image\/\",\"url\":\"https:\/\/morecashing.com\/wp-content\/uploads\/sites\/89\/2024\/09\/cropped-more-cashing.png\",\"contentUrl\":\"https:\/\/morecashing.com\/wp-content\/uploads\/sites\/89\/2024\/09\/cropped-more-cashing.png\",\"width\":1080,\"height\":1080,\"caption\":\"MoreCashing\"},\"image\":{\"@id\":\"https:\/\/morecashing.com\/#\/schema\/logo\/image\/\"}}]}<\/script>\n<!-- \/ Yoast SEO Premium plugin. -->","yoast_head_json":{"title":"About Us - MoreCashing","robots":{"index":"index","follow":"follow","max-snippet":"max-snippet:-1","max-image-preview":"max-image-preview:large","max-video-preview":"max-video-preview:-1"},"canonical":"https:\/\/morecashing.com\/es\/about-us\/","og_locale":"es_ES","og_type":"article","og_title":"About Us","og_description":"About Us Welcome to MoreCashing \u2014 your space for clear, practical, and empowering guidance on building income, growing your career, and creating real financial opportunities. Whether you&#8217;re exploring new job paths, starting a business, boosting your skills, or looking for smart ways to earn more, MoreCashing is here to help you take confident steps forward. [&hellip;]","og_url":"https:\/\/morecashing.com\/es\/about-us\/","og_site_name":"MoreCashing","article_modified_time":"2025-11-24T18:29:57+00:00","og_image":[{"width":2560,"height":1707,"url":"http:\/\/morecashing.com\/wp-content\/uploads\/sites\/89\/2024\/02\/pexels-rdne-stock-project-7310202-scaled-1.jpg","type":"image\/jpeg"}],"twitter_card":"summary_large_image","twitter_misc":{"Est. reading time":"2 minutos"},"schema":{"@context":"https:\/\/schema.org","@graph":[{"@type":"WebPage","@id":"https:\/\/morecashing.com\/about-us\/","url":"https:\/\/morecashing.com\/about-us\/","name":"About Us - MoreCashing","isPartOf":{"@id":"https:\/\/morecashing.com\/#website"},"primaryImageOfPage":{"@id":"https:\/\/morecashing.com\/about-us\/#primaryimage"},"image":{"@id":"https:\/\/morecashing.com\/about-us\/#primaryimage"},"thumbnailUrl":"https:\/\/morecashing.com\/wp-content\/uploads\/sites\/89\/2024\/02\/pexels-rdne-stock-project-7310202-scaled-1.jpg","datePublished":"2023-12-16T03:17:05+00:00","dateModified":"2025-11-24T18:29:57+00:00","breadcrumb":{"@id":"https:\/\/morecashing.com\/about-us\/#breadcrumb"},"inLanguage":"es","potentialAction":[{"@type":"ReadAction","target":["https:\/\/morecashing.com\/about-us\/"]}]},{"@type":"ImageObject","inLanguage":"es","@id":"https:\/\/morecashing.com\/about-us\/#primaryimage","url":"https:\/\/morecashing.com\/wp-content\/uploads\/sites\/89\/2024\/02\/pexels-rdne-stock-project-7310202-scaled-1.jpg","contentUrl":"https:\/\/morecashing.com\/wp-content\/uploads\/sites\/89\/2024\/02\/pexels-rdne-stock-project-7310202-scaled-1.jpg","width":2560,"height":1707},{"@type":"BreadcrumbList","@id":"https:\/\/morecashing.com\/about-us\/#breadcrumb","itemListElement":[{"@type":"ListItem","position":1,"name":"Home","item":"https:\/\/morecashing.com\/"},{"@type":"ListItem","position":2,"name":"About Us"}]},{"@type":"WebSite","@id":"https:\/\/morecashing.com\/#website","url":"https:\/\/morecashing.com\/","name":"MoreCashing","description":"morecashing","publisher":{"@id":"https:\/\/morecashing.com\/#organization"},"potentialAction":[{"@type":"SearchAction","target":{"@type":"EntryPoint","urlTemplate":"https:\/\/morecashing.com\/?s={search_term_string}"},"query-input":"required name=search_term_string"}],"inLanguage":"es"},{"@type":"Organization","@id":"https:\/\/morecashing.com\/#organization","name":"MoreCashing","url":"https:\/\/morecashing.com\/","logo":{"@type":"ImageObject","inLanguage":"es","@id":"https:\/\/morecashing.com\/#\/schema\/logo\/image\/","url":"https:\/\/morecashing.com\/wp-content\/uploads\/sites\/89\/2024\/09\/cropped-more-cashing.png","contentUrl":"https:\/\/morecashing.com\/wp-content\/uploads\/sites\/89\/2024\/09\/cropped-more-cashing.png","width":1080,"height":1080,"caption":"MoreCashing"},"image":{"@id":"https:\/\/morecashing.com\/#\/schema\/logo\/image\/"}}]}},"_links":{"self":[{"href":"https:\/\/morecashing.com\/es\/wp-json\/wp\/v2\/pages\/104"}],"collection":[{"href":"https:\/\/morecashing.com\/es\/wp-json\/wp\/v2\/pages"}],"about":[{"href":"https:\/\/morecashing.com\/es\/wp-json\/wp\/v2\/types\/page"}],"author":[{"embeddable":true,"href":"https:\/\/morecashing.com\/es\/wp-json\/wp\/v2\/users\/38"}],"replies":[{"embeddable":true,"href":"https:\/\/morecashing.com\/es\/wp-json\/wp\/v2\/comments?post=104"}],"version-history":[{"count":2,"href":"https:\/\/morecashing.com\/es\/wp-json\/wp\/v2\/pages\/104\/revisions"}],"predecessor-version":[{"id":2018,"href":"https:\/\/morecashing.com\/es\/wp-json\/wp\/v2\/pages\/104\/revisions\/2018"}],"wp:featuredmedia":[{"embeddable":true,"href":"https:\/\/morecashing.com\/es\/wp-json\/wp\/v2\/media\/598"}],"wp:attachment":[{"href":"https:\/\/morecashing.com\/es\/wp-json\/wp\/v2\/media?parent=104"}],"curies":[{"name":"wp","href":"https:\/\/api.w.org\/{rel}","templated":true}]}}