    {"id":102,"date":"2023-12-16T03:15:48","date_gmt":"2023-12-16T03:15:48","guid":{"rendered":"https:\/\/morecashing.com\/?page_id=102"},"modified":"2025-11-24T18:33:58","modified_gmt":"2025-11-24T18:33:58","slug":"privacy-policy","status":"publish","type":"page","link":"https:\/\/morecashing.com\/es\/privacy-policy\/","title":{"rendered":"pol\u00edtica de privacidad"},"content":{"rendered":"<p><\/p>\n\n\n\n<p>Su privacidad es importante para nosotros. La pol\u00edtica de More Cashing es respetar su privacidad con respecto a cualquier informaci\u00f3n que recopilemos de usted en nuestro sitio web, More Cashing y otros sitios web que poseemos y operamos.<\/p>\n\n\n\n<p>Solo solicitamos informaci\u00f3n personal cuando realmente la necesitamos para brindarle un servicio. La recopilamos por medios justos y legales, con su conocimiento y consentimiento. Tambi\u00e9n le informamos por qu\u00e9 la recopilamos y c\u00f3mo se utilizar\u00e1.<\/p>\n\n\n\n<p>Solo conservamos la informaci\u00f3n recopilada durante el tiempo necesario para brindarle el servicio solicitado. Los datos que almacenamos los protegemos con medios comercialmente aceptables para evitar p\u00e9rdidas y robos, as\u00ed como acceso, divulgaci\u00f3n, copia, uso o modificaci\u00f3n no autorizados.<\/p>\n\n\n\n<p>No compartimos ninguna informaci\u00f3n de identificaci\u00f3n personal p\u00fablicamente ni con terceros, excepto cuando lo requiera la ley.<\/p>\n\n\n\n<p>Nuestro sitio web puede contener enlaces a sitios externos que no son operados por nosotros. Tenga en cuenta que no tenemos control sobre el contenido y las pr\u00e1cticas de estos sitios y no podemos aceptar responsabilidad alguna por sus respectivas pol\u00edticas de privacidad.<\/p>\n\n\n\n<p>Usted es libre de rechazar nuestra solicitud de su informaci\u00f3n personal, con el entendimiento de que es posible que no podamos brindarle algunos de los servicios deseados.<\/p>\n\n\n\n<p>Su uso continuado de nuestro sitio web se considerar\u00e1 como la aceptaci\u00f3n de nuestras pr\u00e1cticas de privacidad e informaci\u00f3n personal. Si tiene alguna pregunta sobre c\u00f3mo gestionamos los datos de usuario y la informaci\u00f3n personal, no dude en contactarnos a trav\u00e9s de contact@morecashing.com.<\/p>\n\n\n\n<h2 class=\"wp-block-heading\">Pol\u00edtica de cookies para More Cashing<\/h2>\n\n\n\n<p>Esta es la Pol\u00edtica de cookies de More Cashing, accesible desde More Cashing.<\/p>\n\n\n\n<h3 class=\"wp-block-heading\">\u00bfQu\u00e9 son las cookies?<\/h3>\n\n\n\n<p>Como es pr\u00e1ctica habitual en casi todos los sitios web profesionales, este sitio utiliza cookies, que son peque\u00f1os archivos que se descargan en su computadora, para mejorar su experiencia. Esta p\u00e1gina describe qu\u00e9 informaci\u00f3n recopilan, c\u00f3mo la usamos y por qu\u00e9 a veces necesitamos almacenar estas cookies. Tambi\u00e9n le informaremos sobre c\u00f3mo puede evitar que se almacenen estas cookies; sin embargo, esto puede degradar o &quot;romper&quot; ciertos elementos de la funcionalidad del sitio.<\/p>\n\n\n\n<h3 class=\"wp-block-heading\">C\u00f3mo utilizamos las cookies<\/h3>\n\n\n\n<p>Utilizamos cookies por diversas razones que se detallan a continuaci\u00f3n. Lamentablemente, en la mayor\u00eda de los casos, no existen opciones est\u00e1ndar de la industria para deshabilitar las cookies sin deshabilitar por completo la funcionalidad y las caracter\u00edsticas que agregan a este sitio. Se recomienda que deje todas las cookies activadas si no est\u00e1 seguro de si las necesita o no en caso de que se utilicen para proporcionar un servicio que utiliza.<\/p>\n\n\n\n<h3 class=\"wp-block-heading\">Deshabilitar cookies<\/h3>\n\n\n\n<p>Puede evitar la instalaci\u00f3n de cookies ajustando la configuraci\u00f3n de su navegador (consulte la Ayuda de su navegador para saber c\u00f3mo hacerlo). Tenga en cuenta que deshabilitar las cookies afectar\u00e1 la funcionalidad de este y muchos otros sitios web que visite. Deshabilitar las cookies generalmente provocar\u00e1 tambi\u00e9n la deshabilitaci\u00f3n de ciertas funciones y caracter\u00edsticas de este sitio. Por lo tanto, se recomienda que no deshabilite las cookies.<\/p>\n\n\n\n<h3 class=\"wp-block-heading\">Las cookies que configuramos<\/h3>\n\n\n\n<ul class=\"wp-block-list\">\n<li><strong>Cookies relacionadas con la cuenta:<\/strong> Si crea una cuenta con nosotros, utilizaremos cookies para gestionar el proceso de registro y la administraci\u00f3n general. Estas cookies normalmente se eliminar\u00e1n cuando cierre la sesi\u00f3n, sin embargo, en algunos casos, pueden permanecer despu\u00e9s para recordar sus preferencias del sitio cuando cierre la sesi\u00f3n.<\/li>\n\n\n\n<li><strong>Cookies relacionadas con el inicio de sesi\u00f3n:<\/strong> Utilizamos cookies cuando inicia sesi\u00f3n para poder recordar este hecho. Esto evita que tenga que iniciar sesi\u00f3n cada vez que visita una p\u00e1gina nueva. Estas cookies normalmente se eliminan o borran cuando cierra sesi\u00f3n para garantizar que solo pueda acceder a funciones y \u00e1reas restringidas cuando haya iniciado sesi\u00f3n.<\/li>\n\n\n\n<li><strong>Cookies relacionadas con boletines informativos por correo electr\u00f3nico:<\/strong> Este sitio ofrece servicios de suscripci\u00f3n a boletines informativos o correo electr\u00f3nico, y se pueden utilizar cookies para recordar si ya est\u00e1 registrado y si desea mostrar ciertas notificaciones que solo pueden ser v\u00e1lidas para usuarios suscritos o no suscritos.<\/li>\n\n\n\n<li><strong>Cookies relacionadas con el procesamiento de pedidos:<\/strong> Este sitio ofrece facilidades de comercio electr\u00f3nico o de pago y algunas cookies son esenciales para garantizar que su pedido se recuerde entre p\u00e1ginas para que podamos procesarlo correctamente.<\/li>\n\n\n\n<li><strong>Cookies relacionadas con encuestas:<\/strong> De vez en cuando, ofrecemos encuestas y cuestionarios a los usuarios para ofrecerle informaci\u00f3n interesante, herramientas \u00fatiles o para comprender nuestra base de usuarios con mayor precisi\u00f3n. Estas encuestas pueden utilizar cookies para recordar qui\u00e9n ya particip\u00f3 en una encuesta o para brindarle resultados precisos despu\u00e9s de cambiar de p\u00e1gina.<\/li>\n\n\n\n<li><strong>Cookies relacionadas con formularios:<\/strong> Cuando env\u00eda datos a trav\u00e9s de un formulario como los que se encuentran en las p\u00e1ginas de contacto o formularios de comentarios, se pueden configurar cookies para recordar sus datos de usuario para correspondencia futura.<\/li>\n\n\n\n<li><strong>Cookies de preferencias del sitio:<\/strong> Para brindarle una excelente experiencia en este sitio, le brindamos la funcionalidad para configurar sus preferencias sobre c\u00f3mo se ejecuta este sitio cuando lo utiliza. Para recordar sus preferencias, necesitamos configurar cookies para que esta informaci\u00f3n pueda ser recuperada cada vez que interact\u00fae con una p\u00e1gina que se vea afectada por sus preferencias.<\/li>\n<\/ul>\n\n\n\n<h3 class=\"wp-block-heading\">Cookies de terceros<\/h3>\n\n\n\n<p>En algunos casos especiales, tambi\u00e9n utilizamos cookies proporcionadas por terceros de confianza. La siguiente secci\u00f3n detalla qu\u00e9 cookies de terceros puede encontrar a trav\u00e9s de este sitio.<\/p>\n\n\n\n<ul class=\"wp-block-list\">\n<li>Este sitio utiliza Google Analytics, una de las soluciones de an\u00e1lisis m\u00e1s extendidas y fiables de la web, que nos ayuda a comprender c\u00f3mo utiliza el sitio y c\u00f3mo podemos mejorar su experiencia. Estas cookies pueden realizar un seguimiento de aspectos como el tiempo que pasa en el sitio y las p\u00e1ginas que visita para que podamos seguir produciendo contenido atractivo. Para obtener m\u00e1s informaci\u00f3n sobre las cookies de Google Analytics, consulte la p\u00e1gina oficial de Google Analytics.<\/li>\n\n\n\n<li>Se utilizan an\u00e1lisis de terceros para rastrear y medir el uso de este sitio para que podamos seguir produciendo contenido atractivo. Estas cookies pueden rastrear aspectos como el tiempo que pasa en el sitio o las p\u00e1ginas que visita, lo que nos ayuda a comprender c\u00f3mo podemos mejorar el sitio para usted.<\/li>\n\n\n\n<li>De vez en cuando, probamos nuevas funciones y realizamos cambios sutiles en la forma en que se muestra el sitio. Cuando a\u00fan estamos probando nuevas funciones, estas cookies se pueden utilizar para garantizar que reciba una experiencia consistente mientras est\u00e1 en el sitio y, al mismo tiempo, asegurarnos de que entendemos qu\u00e9 optimizaciones aprecian m\u00e1s nuestros usuarios.<\/li>\n\n\n\n<li>Como vendemos productos, es importante para nosotros comprender las estad\u00edsticas sobre cu\u00e1ntos visitantes de nuestro sitio realmente realizan una compra y, como tal, este es el tipo de datos que estas cookies rastrear\u00e1n. Esto es importante para usted, ya que significa que podemos hacer predicciones comerciales precisas que nos permiten monitorear nuestros costos de publicidad y productos para garantizar el mejor precio posible.<\/li>\n\n\n\n<li>Tambi\u00e9n utilizamos botones y\/o plugins de redes sociales en este sitio que le permiten conectarse con su red social de diversas maneras. Para que funcionen, las siguientes redes sociales, incluyendo [nombre del sitio], instalar\u00e1n cookies a trav\u00e9s de nuestro sitio que pueden utilizarse para mejorar su perfil en su sitio o para contribuir a los datos que conservan para diversos fines, descritos en sus respectivas pol\u00edticas de privacidad.<\/li>\n<\/ul>\n\n\n\n<h3 class=\"wp-block-heading\">Publicidad (Google AdSense) y sus opciones<\/h3>\n\n\n\n<p>Este sitio utiliza Google AdSense para mostrar anuncios. Google y sus socios pueden usar cookies u otras tecnolog\u00edas para mostrar, medir y personalizar anuncios en funci\u00f3n de sus visitas a este y otros sitios web.<\/p>\n\n\n\n<p>Para saber c\u00f3mo utiliza Google los datos de los sitios y aplicaciones que utilizan sus servicios, visita:<br><a href=\"https:\/\/policies.google.com\/technologies\/partner-sites\">https:\/\/policies.google.com\/technologies\/partner-sites<\/a><\/p>\n\n\n\n<p><strong>Darse de baja de anuncios personalizados:<\/strong><br>Puede inhabilitar la publicidad personalizada de Google visitando su&nbsp;<strong><a href=\"https:\/\/adssettings.google.com\/\">Configuraci\u00f3n de anuncios (Mi centro de anuncios)<\/a><\/strong>.<br>Alternativamente, puede optar por no recibir publicidad basada en intereses de muchos otros proveedores de anuncios visitando&nbsp;<strong><a href=\"https:\/\/www.aboutads.info\/choices\/\">AboutAds.info\/choices<\/a><\/strong>.<\/p>\n\n\n\n<p>Nota: Incluso si optas por no participar, seguir\u00e1s viendo anuncios, pero pueden ser menos relevantes para tus intereses.<\/p>\n\n\n\n<h3 class=\"wp-block-heading\">M\u00e1s informaci\u00f3n<\/h3>\n\n\n\n<p>Con suerte, esto habr\u00e1 aclarado las cosas para usted y, como se mencion\u00f3 anteriormente, si hay algo que no est\u00e1 seguro de si necesita o no, generalmente es m\u00e1s seguro dejar las cookies habilitadas en caso de que interact\u00fae con una de las funciones que utiliza en nuestro sitio.<\/p>\n\n\n\n<p>Esta pol\u00edtica entra en vigencia a partir de agosto de 2024.<\/p>","protected":false},"excerpt":{"rendered":"<p>Your privacy is important to us. It is More Cashing&#8217;s policy to respect your privacy regarding any information we may collect from you across our website, More Cashing, and other sites we own and operate. We only ask for personal information when we truly need it to provide a service to you. We collect it [&hellip;]<\/p>","protected":false},"author":38,"featured_media":0,"parent":0,"menu_order":0,"comment_status":"closed","ping_status":"closed","template":"","meta":{"footnotes":""},"yoast_head":"<!-- This site is optimized with the Yoast SEO Premium plugin v18.7 (Yoast SEO v23.3) - https:\/\/yoast.com\/wordpress\/plugins\/seo\/ -->\n<title>Privacy Policy - MoreCashing<\/title>\n<meta name=\"robots\" content=\"index, follow, max-snippet:-1, max-image-preview:large, max-video-preview:-1\" \/>\n<link rel=\"canonical\" href=\"https:\/\/morecashing.com\/es\/privacy-policy\/\" \/>\n<meta property=\"og:locale\" content=\"es_ES\" \/>\n<meta property=\"og:type\" content=\"article\" \/>\n<meta property=\"og:title\" content=\"Privacy Policy\" \/>\n<meta property=\"og:description\" content=\"Your privacy is important to us. It is More Cashing&#8217;s policy to respect your privacy regarding any information we may collect from you across our website, More Cashing, and other sites we own and operate. We only ask for personal information when we truly need it to provide a service to you. We collect it [&hellip;]\" \/>\n<meta property=\"og:url\" content=\"https:\/\/morecashing.com\/es\/privacy-policy\/\" \/>\n<meta property=\"og:site_name\" content=\"MoreCashing\" \/>\n<meta property=\"article:modified_time\" content=\"2025-11-24T18:33:58+00:00\" \/>\n<meta name=\"twitter:card\" content=\"summary_large_image\" \/>\n<meta name=\"twitter:label1\" content=\"Est. reading time\" \/>\n\t<meta name=\"twitter:data1\" content=\"6 minutos\" \/>\n<script type=\"application\/ld+json\" class=\"yoast-schema-graph\">{\"@context\":\"https:\/\/schema.org\",\"@graph\":[{\"@type\":\"WebPage\",\"@id\":\"https:\/\/morecashing.com\/privacy-policy\/\",\"url\":\"https:\/\/morecashing.com\/privacy-policy\/\",\"name\":\"Privacy Policy - MoreCashing\",\"isPartOf\":{\"@id\":\"https:\/\/morecashing.com\/#website\"},\"datePublished\":\"2023-12-16T03:15:48+00:00\",\"dateModified\":\"2025-11-24T18:33:58+00:00\",\"breadcrumb\":{\"@id\":\"https:\/\/morecashing.com\/privacy-policy\/#breadcrumb\"},\"inLanguage\":\"es\",\"potentialAction\":[{\"@type\":\"ReadAction\",\"target\":[\"https:\/\/morecashing.com\/privacy-policy\/\"]}]},{\"@type\":\"BreadcrumbList\",\"@id\":\"https:\/\/morecashing.com\/privacy-policy\/#breadcrumb\",\"itemListElement\":[{\"@type\":\"ListItem\",\"position\":1,\"name\":\"Home\",\"item\":\"https:\/\/morecashing.com\/\"},{\"@type\":\"ListItem\",\"position\":2,\"name\":\"Privacy Policy\"}]},{\"@type\":\"WebSite\",\"@id\":\"https:\/\/morecashing.com\/#website\",\"url\":\"https:\/\/morecashing.com\/\",\"name\":\"MoreCashing\",\"description\":\"morecashing\",\"publisher\":{\"@id\":\"https:\/\/morecashing.com\/#organization\"},\"potentialAction\":[{\"@type\":\"SearchAction\",\"target\":{\"@type\":\"EntryPoint\",\"urlTemplate\":\"https:\/\/morecashing.com\/?s={search_term_string}\"},\"query-input\":\"required name=search_term_string\"}],\"inLanguage\":\"es\"},{\"@type\":\"Organization\",\"@id\":\"https:\/\/morecashing.com\/#organization\",\"name\":\"MoreCashing\",\"url\":\"https:\/\/morecashing.com\/\",\"logo\":{\"@type\":\"ImageObject\",\"inLanguage\":\"es\",\"@id\":\"https:\/\/morecashing.com\/#\/schema\/logo\/image\/\",\"url\":\"https:\/\/morecashing.com\/wp-content\/uploads\/sites\/89\/2024\/09\/cropped-more-cashing.png\",\"contentUrl\":\"https:\/\/morecashing.com\/wp-content\/uploads\/sites\/89\/2024\/09\/cropped-more-cashing.png\",\"width\":1080,\"height\":1080,\"caption\":\"MoreCashing\"},\"image\":{\"@id\":\"https:\/\/morecashing.com\/#\/schema\/logo\/image\/\"}}]}<\/script>\n<!-- \/ Yoast SEO Premium plugin. -->","yoast_head_json":{"title":"Privacy Policy - MoreCashing","robots":{"index":"index","follow":"follow","max-snippet":"max-snippet:-1","max-image-preview":"max-image-preview:large","max-video-preview":"max-video-preview:-1"},"canonical":"https:\/\/morecashing.com\/es\/privacy-policy\/","og_locale":"es_ES","og_type":"article","og_title":"Privacy Policy","og_description":"Your privacy is important to us. It is More Cashing&#8217;s policy to respect your privacy regarding any information we may collect from you across our website, More Cashing, and other sites we own and operate. We only ask for personal information when we truly need it to provide a service to you. We collect it [&hellip;]","og_url":"https:\/\/morecashing.com\/es\/privacy-policy\/","og_site_name":"MoreCashing","article_modified_time":"2025-11-24T18:33:58+00:00","twitter_card":"summary_large_image","twitter_misc":{"Est. reading time":"6 minutos"},"schema":{"@context":"https:\/\/schema.org","@graph":[{"@type":"WebPage","@id":"https:\/\/morecashing.com\/privacy-policy\/","url":"https:\/\/morecashing.com\/privacy-policy\/","name":"Privacy Policy - MoreCashing","isPartOf":{"@id":"https:\/\/morecashing.com\/#website"},"datePublished":"2023-12-16T03:15:48+00:00","dateModified":"2025-11-24T18:33:58+00:00","breadcrumb":{"@id":"https:\/\/morecashing.com\/privacy-policy\/#breadcrumb"},"inLanguage":"es","potentialAction":[{"@type":"ReadAction","target":["https:\/\/morecashing.com\/privacy-policy\/"]}]},{"@type":"BreadcrumbList","@id":"https:\/\/morecashing.com\/privacy-policy\/#breadcrumb","itemListElement":[{"@type":"ListItem","position":1,"name":"Home","item":"https:\/\/morecashing.com\/"},{"@type":"ListItem","position":2,"name":"Privacy Policy"}]},{"@type":"WebSite","@id":"https:\/\/morecashing.com\/#website","url":"https:\/\/morecashing.com\/","name":"MoreCashing","description":"morecashing","publisher":{"@id":"https:\/\/morecashing.com\/#organization"},"potentialAction":[{"@type":"SearchAction","target":{"@type":"EntryPoint","urlTemplate":"https:\/\/morecashing.com\/?s={search_term_string}"},"query-input":"required name=search_term_string"}],"inLanguage":"es"},{"@type":"Organization","@id":"https:\/\/morecashing.com\/#organization","name":"MoreCashing","url":"https:\/\/morecashing.com\/","logo":{"@type":"ImageObject","inLanguage":"es","@id":"https:\/\/morecashing.com\/#\/schema\/logo\/image\/","url":"https:\/\/morecashing.com\/wp-content\/uploads\/sites\/89\/2024\/09\/cropped-more-cashing.png","contentUrl":"https:\/\/morecashing.com\/wp-content\/uploads\/sites\/89\/2024\/09\/cropped-more-cashing.png","width":1080,"height":1080,"caption":"MoreCashing"},"image":{"@id":"https:\/\/morecashing.com\/#\/schema\/logo\/image\/"}}]}},"_links":{"self":[{"href":"https:\/\/morecashing.com\/es\/wp-json\/wp\/v2\/pages\/102"}],"collection":[{"href":"https:\/\/morecashing.com\/es\/wp-json\/wp\/v2\/pages"}],"about":[{"href":"https:\/\/morecashing.com\/es\/wp-json\/wp\/v2\/types\/page"}],"author":[{"embeddable":true,"href":"https:\/\/morecashing.com\/es\/wp-json\/wp\/v2\/users\/38"}],"replies":[{"embeddable":true,"href":"https:\/\/morecashing.com\/es\/wp-json\/wp\/v2\/comments?post=102"}],"version-history":[{"count":5,"href":"https:\/\/morecashing.com\/es\/wp-json\/wp\/v2\/pages\/102\/revisions"}],"predecessor-version":[{"id":2023,"href":"https:\/\/morecashing.com\/es\/wp-json\/wp\/v2\/pages\/102\/revisions\/2023"}],"wp:attachment":[{"href":"https:\/\/morecashing.com\/es\/wp-json\/wp\/v2\/media?parent=102"}],"curies":[{"name":"wp","href":"https:\/\/api.w.org\/{rel}","templated":true}]}}